{"id":4944,"date":"2025-02-19T13:12:37","date_gmt":"2025-02-19T18:12:37","guid":{"rendered":"https:\/\/apex.acxcomdev.com\/?page_id=4944"},"modified":"2025-02-19T13:12:37","modified_gmt":"2025-02-19T18:12:37","slug":"custom-gear-racks","status":"publish","type":"page","link":"https:\/\/apexprecision.ca\/fr\/custom-gear-racks\/","title":{"rendered":"Custom Gear Racks"},"content":{"rendered":"<p>Les cr\u00e9maill\u00e8res sur mesure d&rsquo;Apex Precision Inc. sont pr\u00e9cises, de haute qualit\u00e9 et disponibles dans une vari\u00e9t\u00e9 de mat\u00e9riaux pour de nombreux secteurs industriels.<\/p>\n","protected":false},"excerpt":{"rendered":"<p>Les cr\u00e9maill\u00e8res sur mesure d&rsquo;Apex Precision Inc. sont pr\u00e9cises, de haute qualit\u00e9 et disponibles dans une vari\u00e9t\u00e9 de mat\u00e9riaux pour de nombreux secteurs industriels.<\/p>\n","protected":false},"author":7,"featured_media":0,"parent":0,"menu_order":0,"comment_status":"closed","ping_status":"closed","template":"page-capability.php","meta":{"_acf_changed":false,"footnotes":""},"class_list":["post-4944","page","type-page","status-publish","hentry"],"acf":[],"yoast_head":"<!-- This site is optimized with the Yoast SEO plugin v27.4 - https:\/\/yoast.com\/product\/yoast-seo-wordpress\/ -->\n<title>Custom Gear Racks | Apex Precision<\/title>\n<meta name=\"robots\" content=\"index, follow, max-snippet:-1, max-image-preview:large, max-video-preview:-1\" \/>\n<link rel=\"canonical\" href=\"https:\/\/apexprecision.ca\/fr\/custom-gear-racks\/\" \/>\n<meta property=\"og:locale\" content=\"fr_FR\" \/>\n<meta property=\"og:type\" content=\"article\" \/>\n<meta property=\"og:title\" content=\"Custom Gear Racks | Apex Precision\" \/>\n<meta property=\"og:description\" content=\"Les cr\u00e9maill\u00e8res sur mesure d&rsquo;Apex Precision Inc. sont pr\u00e9cises, de haute qualit\u00e9 et disponibles dans une vari\u00e9t\u00e9 de mat\u00e9riaux pour de nombreux secteurs industriels.\" \/>\n<meta property=\"og:url\" content=\"https:\/\/apexprecision.ca\/fr\/custom-gear-racks\/\" \/>\n<meta property=\"og:site_name\" content=\"Apex Precision\" \/>\n<meta name=\"twitter:card\" content=\"summary_large_image\" \/>\n<meta name=\"twitter:label1\" content=\"Dur\u00e9e de lecture estim\u00e9e\" \/>\n\t<meta name=\"twitter:data1\" content=\"1 minute\" \/>\n<script type=\"application\/ld+json\" class=\"yoast-schema-graph\">{\"@context\":\"https:\\\/\\\/schema.org\",\"@graph\":[{\"@type\":\"WebPage\",\"@id\":\"https:\\\/\\\/apexprecision.ca\\\/fr\\\/custom-gear-racks\\\/\",\"url\":\"https:\\\/\\\/apexprecision.ca\\\/fr\\\/custom-gear-racks\\\/\",\"name\":\"Custom Gear Racks | Apex Precision\",\"isPartOf\":{\"@id\":\"https:\\\/\\\/apexprecision.ca\\\/fr\\\/#website\"},\"datePublished\":\"2025-02-19T18:12:37+00:00\",\"breadcrumb\":{\"@id\":\"https:\\\/\\\/apexprecision.ca\\\/fr\\\/custom-gear-racks\\\/#breadcrumb\"},\"inLanguage\":\"fr-FR\",\"potentialAction\":[{\"@type\":\"ReadAction\",\"target\":[\"https:\\\/\\\/apexprecision.ca\\\/fr\\\/custom-gear-racks\\\/\"]}]},{\"@type\":\"BreadcrumbList\",\"@id\":\"https:\\\/\\\/apexprecision.ca\\\/fr\\\/custom-gear-racks\\\/#breadcrumb\",\"itemListElement\":[{\"@type\":\"ListItem\",\"position\":1,\"name\":\"Home\",\"item\":\"https:\\\/\\\/apexprecision.ca\\\/fr\\\/\"},{\"@type\":\"ListItem\",\"position\":2,\"name\":\"Custom Gear Racks\"}]},{\"@type\":\"WebSite\",\"@id\":\"https:\\\/\\\/apexprecision.ca\\\/fr\\\/#website\",\"url\":\"https:\\\/\\\/apexprecision.ca\\\/fr\\\/\",\"name\":\"Apex Precision\",\"description\":\"Your Leader in Precision Component Manufacturing\",\"publisher\":{\"@id\":\"https:\\\/\\\/apexprecision.ca\\\/fr\\\/#organization\"},\"potentialAction\":[{\"@type\":\"SearchAction\",\"target\":{\"@type\":\"EntryPoint\",\"urlTemplate\":\"https:\\\/\\\/apexprecision.ca\\\/fr\\\/?s={search_term_string}\"},\"query-input\":{\"@type\":\"PropertyValueSpecification\",\"valueRequired\":true,\"valueName\":\"search_term_string\"}}],\"inLanguage\":\"fr-FR\"},{\"@type\":\"Organization\",\"@id\":\"https:\\\/\\\/apexprecision.ca\\\/fr\\\/#organization\",\"name\":\"APEX Precision\",\"url\":\"https:\\\/\\\/apexprecision.ca\\\/fr\\\/\",\"logo\":{\"@type\":\"ImageObject\",\"inLanguage\":\"fr-FR\",\"@id\":\"https:\\\/\\\/apexprecision.ca\\\/fr\\\/#\\\/schema\\\/logo\\\/image\\\/\",\"url\":\"https:\\\/\\\/apexprecision.ca\\\/wp-content\\\/uploads\\\/2016\\\/04\\\/apex-logo.png\",\"contentUrl\":\"https:\\\/\\\/apexprecision.ca\\\/wp-content\\\/uploads\\\/2016\\\/04\\\/apex-logo.png\",\"width\":512,\"height\":512,\"caption\":\"APEX Precision\"},\"image\":{\"@id\":\"https:\\\/\\\/apexprecision.ca\\\/fr\\\/#\\\/schema\\\/logo\\\/image\\\/\"}}]}<\/script>\n<!-- \/ Yoast SEO plugin. -->","yoast_head_json":{"title":"Custom Gear Racks | Apex Precision","robots":{"index":"index","follow":"follow","max-snippet":"max-snippet:-1","max-image-preview":"max-image-preview:large","max-video-preview":"max-video-preview:-1"},"canonical":"https:\/\/apexprecision.ca\/fr\/custom-gear-racks\/","og_locale":"fr_FR","og_type":"article","og_title":"Custom Gear Racks | Apex Precision","og_description":"Les cr\u00e9maill\u00e8res sur mesure d&rsquo;Apex Precision Inc. sont pr\u00e9cises, de haute qualit\u00e9 et disponibles dans une vari\u00e9t\u00e9 de mat\u00e9riaux pour de nombreux secteurs industriels.","og_url":"https:\/\/apexprecision.ca\/fr\/custom-gear-racks\/","og_site_name":"Apex Precision","twitter_card":"summary_large_image","twitter_misc":{"Dur\u00e9e de lecture estim\u00e9e":"1 minute"},"schema":{"@context":"https:\/\/schema.org","@graph":[{"@type":"WebPage","@id":"https:\/\/apexprecision.ca\/fr\/custom-gear-racks\/","url":"https:\/\/apexprecision.ca\/fr\/custom-gear-racks\/","name":"Custom Gear Racks | Apex Precision","isPartOf":{"@id":"https:\/\/apexprecision.ca\/fr\/#website"},"datePublished":"2025-02-19T18:12:37+00:00","breadcrumb":{"@id":"https:\/\/apexprecision.ca\/fr\/custom-gear-racks\/#breadcrumb"},"inLanguage":"fr-FR","potentialAction":[{"@type":"ReadAction","target":["https:\/\/apexprecision.ca\/fr\/custom-gear-racks\/"]}]},{"@type":"BreadcrumbList","@id":"https:\/\/apexprecision.ca\/fr\/custom-gear-racks\/#breadcrumb","itemListElement":[{"@type":"ListItem","position":1,"name":"Home","item":"https:\/\/apexprecision.ca\/fr\/"},{"@type":"ListItem","position":2,"name":"Custom Gear Racks"}]},{"@type":"WebSite","@id":"https:\/\/apexprecision.ca\/fr\/#website","url":"https:\/\/apexprecision.ca\/fr\/","name":"Apex Precision","description":"Your Leader in Precision Component Manufacturing","publisher":{"@id":"https:\/\/apexprecision.ca\/fr\/#organization"},"potentialAction":[{"@type":"SearchAction","target":{"@type":"EntryPoint","urlTemplate":"https:\/\/apexprecision.ca\/fr\/?s={search_term_string}"},"query-input":{"@type":"PropertyValueSpecification","valueRequired":true,"valueName":"search_term_string"}}],"inLanguage":"fr-FR"},{"@type":"Organization","@id":"https:\/\/apexprecision.ca\/fr\/#organization","name":"APEX Precision","url":"https:\/\/apexprecision.ca\/fr\/","logo":{"@type":"ImageObject","inLanguage":"fr-FR","@id":"https:\/\/apexprecision.ca\/fr\/#\/schema\/logo\/image\/","url":"https:\/\/apexprecision.ca\/wp-content\/uploads\/2016\/04\/apex-logo.png","contentUrl":"https:\/\/apexprecision.ca\/wp-content\/uploads\/2016\/04\/apex-logo.png","width":512,"height":512,"caption":"APEX Precision"},"image":{"@id":"https:\/\/apexprecision.ca\/fr\/#\/schema\/logo\/image\/"}}]}},"_links":{"self":[{"href":"https:\/\/apexprecision.ca\/fr\/wp-json\/wp\/v2\/pages\/4944","targetHints":{"allow":["GET"]}}],"collection":[{"href":"https:\/\/apexprecision.ca\/fr\/wp-json\/wp\/v2\/pages"}],"about":[{"href":"https:\/\/apexprecision.ca\/fr\/wp-json\/wp\/v2\/types\/page"}],"author":[{"embeddable":true,"href":"https:\/\/apexprecision.ca\/fr\/wp-json\/wp\/v2\/users\/7"}],"replies":[{"embeddable":true,"href":"https:\/\/apexprecision.ca\/fr\/wp-json\/wp\/v2\/comments?post=4944"}],"version-history":[{"count":1,"href":"https:\/\/apexprecision.ca\/fr\/wp-json\/wp\/v2\/pages\/4944\/revisions"}],"predecessor-version":[{"id":4945,"href":"https:\/\/apexprecision.ca\/fr\/wp-json\/wp\/v2\/pages\/4944\/revisions\/4945"}],"wp:attachment":[{"href":"https:\/\/apexprecision.ca\/fr\/wp-json\/wp\/v2\/media?parent=4944"}],"curies":[{"name":"wp","href":"https:\/\/api.w.org\/{rel}","templated":true}]}}