{"id":4820,"date":"2025-02-17T15:04:01","date_gmt":"2025-02-17T20:04:01","guid":{"rendered":"https:\/\/apex.acxcomdev.com\/?page_id=4820"},"modified":"2025-02-22T16:23:45","modified_gmt":"2025-02-22T21:23:45","slug":"mass-production","status":"publish","type":"page","link":"https:\/\/apexprecision.ca\/fr\/fabrication\/mass-production\/","title":{"rendered":"Production en s\u00e9rie"},"content":{"rendered":"","protected":false},"excerpt":{"rendered":"","protected":false},"author":1,"featured_media":4818,"parent":2305,"menu_order":0,"comment_status":"closed","ping_status":"closed","template":"page-capability.php","meta":{"_acf_changed":false,"footnotes":""},"class_list":["post-4820","page","type-page","status-publish","has-post-thumbnail","hentry"],"acf":[],"yoast_head":"<!-- This site is optimized with the Yoast SEO plugin v27.4 - https:\/\/yoast.com\/product\/yoast-seo-wordpress\/ -->\n<title>Production en s\u00e9rie | Apex Precision<\/title>\n<meta name=\"description\" content=\"Nos installations sont \u00e9quip\u00e9es pour g\u00e9rer la production en s\u00e9rie, permettant une fabrication \u00e0 grande \u00e9chelle tout en maintenant une pr\u00e9cision et des normes de qualit\u00e9 \u00e9lev\u00e9es.\" \/>\n<meta name=\"robots\" content=\"index, follow, max-snippet:-1, max-image-preview:large, max-video-preview:-1\" \/>\n<link rel=\"canonical\" href=\"https:\/\/apexprecision.ca\/fr\/fabrication\/mass-production\/\" \/>\n<meta property=\"og:locale\" content=\"fr_FR\" \/>\n<meta property=\"og:type\" content=\"article\" \/>\n<meta property=\"og:title\" content=\"Production en s\u00e9rie | Apex Precision\" \/>\n<meta property=\"og:description\" content=\"Nos installations sont \u00e9quip\u00e9es pour g\u00e9rer la production en s\u00e9rie, permettant une fabrication \u00e0 grande \u00e9chelle tout en maintenant une pr\u00e9cision et des normes de qualit\u00e9 \u00e9lev\u00e9es.\" \/>\n<meta property=\"og:url\" content=\"https:\/\/apexprecision.ca\/fr\/fabrication\/mass-production\/\" \/>\n<meta property=\"og:site_name\" content=\"Apex Precision\" \/>\n<meta property=\"article:modified_time\" content=\"2025-02-22T21:23:45+00:00\" \/>\n<meta property=\"og:image\" content=\"https:\/\/apexprecision.ca\/wp-content\/uploads\/2025\/02\/mass-production-thumb.png\" \/>\n\t<meta property=\"og:image:width\" content=\"248\" \/>\n\t<meta property=\"og:image:height\" content=\"248\" \/>\n\t<meta property=\"og:image:type\" content=\"image\/png\" \/>\n<meta name=\"twitter:card\" content=\"summary_large_image\" \/>\n<script type=\"application\/ld+json\" class=\"yoast-schema-graph\">{\"@context\":\"https:\\\/\\\/schema.org\",\"@graph\":[{\"@type\":\"WebPage\",\"@id\":\"https:\\\/\\\/apexprecision.ca\\\/fr\\\/fabrication\\\/mass-production\\\/\",\"url\":\"https:\\\/\\\/apexprecision.ca\\\/fr\\\/fabrication\\\/mass-production\\\/\",\"name\":\"Production en s\u00e9rie | Apex Precision\",\"isPartOf\":{\"@id\":\"https:\\\/\\\/apexprecision.ca\\\/fr\\\/#website\"},\"primaryImageOfPage\":{\"@id\":\"https:\\\/\\\/apexprecision.ca\\\/fr\\\/fabrication\\\/mass-production\\\/#primaryimage\"},\"image\":{\"@id\":\"https:\\\/\\\/apexprecision.ca\\\/fr\\\/fabrication\\\/mass-production\\\/#primaryimage\"},\"thumbnailUrl\":\"https:\\\/\\\/apexprecision.ca\\\/wp-content\\\/uploads\\\/2025\\\/02\\\/mass-production-thumb.png\",\"datePublished\":\"2025-02-17T20:04:01+00:00\",\"dateModified\":\"2025-02-22T21:23:45+00:00\",\"description\":\"Nos installations sont \u00e9quip\u00e9es pour g\u00e9rer la production en s\u00e9rie, permettant une fabrication \u00e0 grande \u00e9chelle tout en maintenant une pr\u00e9cision et des normes de qualit\u00e9 \u00e9lev\u00e9es.\",\"breadcrumb\":{\"@id\":\"https:\\\/\\\/apexprecision.ca\\\/fr\\\/fabrication\\\/mass-production\\\/#breadcrumb\"},\"inLanguage\":\"fr-FR\",\"potentialAction\":[{\"@type\":\"ReadAction\",\"target\":[\"https:\\\/\\\/apexprecision.ca\\\/fr\\\/fabrication\\\/mass-production\\\/\"]}]},{\"@type\":\"ImageObject\",\"inLanguage\":\"fr-FR\",\"@id\":\"https:\\\/\\\/apexprecision.ca\\\/fr\\\/fabrication\\\/mass-production\\\/#primaryimage\",\"url\":\"https:\\\/\\\/apexprecision.ca\\\/wp-content\\\/uploads\\\/2025\\\/02\\\/mass-production-thumb.png\",\"contentUrl\":\"https:\\\/\\\/apexprecision.ca\\\/wp-content\\\/uploads\\\/2025\\\/02\\\/mass-production-thumb.png\",\"width\":248,\"height\":248},{\"@type\":\"BreadcrumbList\",\"@id\":\"https:\\\/\\\/apexprecision.ca\\\/fr\\\/fabrication\\\/mass-production\\\/#breadcrumb\",\"itemListElement\":[{\"@type\":\"ListItem\",\"position\":1,\"name\":\"Home\",\"item\":\"https:\\\/\\\/apexprecision.ca\\\/fr\\\/\"},{\"@type\":\"ListItem\",\"position\":2,\"name\":\"Fabrication\",\"item\":\"https:\\\/\\\/apexprecision.ca\\\/fr\\\/manufacturing-services\\\/\"},{\"@type\":\"ListItem\",\"position\":3,\"name\":\"Production en s\u00e9rie\"}]},{\"@type\":\"WebSite\",\"@id\":\"https:\\\/\\\/apexprecision.ca\\\/fr\\\/#website\",\"url\":\"https:\\\/\\\/apexprecision.ca\\\/fr\\\/\",\"name\":\"Apex Precision\",\"description\":\"Your Leader in Precision Component Manufacturing\",\"publisher\":{\"@id\":\"https:\\\/\\\/apexprecision.ca\\\/fr\\\/#organization\"},\"potentialAction\":[{\"@type\":\"SearchAction\",\"target\":{\"@type\":\"EntryPoint\",\"urlTemplate\":\"https:\\\/\\\/apexprecision.ca\\\/fr\\\/?s={search_term_string}\"},\"query-input\":{\"@type\":\"PropertyValueSpecification\",\"valueRequired\":true,\"valueName\":\"search_term_string\"}}],\"inLanguage\":\"fr-FR\"},{\"@type\":\"Organization\",\"@id\":\"https:\\\/\\\/apexprecision.ca\\\/fr\\\/#organization\",\"name\":\"APEX Precision\",\"url\":\"https:\\\/\\\/apexprecision.ca\\\/fr\\\/\",\"logo\":{\"@type\":\"ImageObject\",\"inLanguage\":\"fr-FR\",\"@id\":\"https:\\\/\\\/apexprecision.ca\\\/fr\\\/#\\\/schema\\\/logo\\\/image\\\/\",\"url\":\"https:\\\/\\\/apexprecision.ca\\\/wp-content\\\/uploads\\\/2016\\\/04\\\/apex-logo.png\",\"contentUrl\":\"https:\\\/\\\/apexprecision.ca\\\/wp-content\\\/uploads\\\/2016\\\/04\\\/apex-logo.png\",\"width\":512,\"height\":512,\"caption\":\"APEX Precision\"},\"image\":{\"@id\":\"https:\\\/\\\/apexprecision.ca\\\/fr\\\/#\\\/schema\\\/logo\\\/image\\\/\"}}]}<\/script>\n<!-- \/ Yoast SEO plugin. -->","yoast_head_json":{"title":"Production en s\u00e9rie | Apex Precision","description":"Nos installations sont \u00e9quip\u00e9es pour g\u00e9rer la production en s\u00e9rie, permettant une fabrication \u00e0 grande \u00e9chelle tout en maintenant une pr\u00e9cision et des normes de qualit\u00e9 \u00e9lev\u00e9es.","robots":{"index":"index","follow":"follow","max-snippet":"max-snippet:-1","max-image-preview":"max-image-preview:large","max-video-preview":"max-video-preview:-1"},"canonical":"https:\/\/apexprecision.ca\/fr\/fabrication\/mass-production\/","og_locale":"fr_FR","og_type":"article","og_title":"Production en s\u00e9rie | Apex Precision","og_description":"Nos installations sont \u00e9quip\u00e9es pour g\u00e9rer la production en s\u00e9rie, permettant une fabrication \u00e0 grande \u00e9chelle tout en maintenant une pr\u00e9cision et des normes de qualit\u00e9 \u00e9lev\u00e9es.","og_url":"https:\/\/apexprecision.ca\/fr\/fabrication\/mass-production\/","og_site_name":"Apex Precision","article_modified_time":"2025-02-22T21:23:45+00:00","og_image":[{"width":248,"height":248,"url":"https:\/\/apexprecision.ca\/wp-content\/uploads\/2025\/02\/mass-production-thumb.png","type":"image\/png"}],"twitter_card":"summary_large_image","schema":{"@context":"https:\/\/schema.org","@graph":[{"@type":"WebPage","@id":"https:\/\/apexprecision.ca\/fr\/fabrication\/mass-production\/","url":"https:\/\/apexprecision.ca\/fr\/fabrication\/mass-production\/","name":"Production en s\u00e9rie | Apex Precision","isPartOf":{"@id":"https:\/\/apexprecision.ca\/fr\/#website"},"primaryImageOfPage":{"@id":"https:\/\/apexprecision.ca\/fr\/fabrication\/mass-production\/#primaryimage"},"image":{"@id":"https:\/\/apexprecision.ca\/fr\/fabrication\/mass-production\/#primaryimage"},"thumbnailUrl":"https:\/\/apexprecision.ca\/wp-content\/uploads\/2025\/02\/mass-production-thumb.png","datePublished":"2025-02-17T20:04:01+00:00","dateModified":"2025-02-22T21:23:45+00:00","description":"Nos installations sont \u00e9quip\u00e9es pour g\u00e9rer la production en s\u00e9rie, permettant une fabrication \u00e0 grande \u00e9chelle tout en maintenant une pr\u00e9cision et des normes de qualit\u00e9 \u00e9lev\u00e9es.","breadcrumb":{"@id":"https:\/\/apexprecision.ca\/fr\/fabrication\/mass-production\/#breadcrumb"},"inLanguage":"fr-FR","potentialAction":[{"@type":"ReadAction","target":["https:\/\/apexprecision.ca\/fr\/fabrication\/mass-production\/"]}]},{"@type":"ImageObject","inLanguage":"fr-FR","@id":"https:\/\/apexprecision.ca\/fr\/fabrication\/mass-production\/#primaryimage","url":"https:\/\/apexprecision.ca\/wp-content\/uploads\/2025\/02\/mass-production-thumb.png","contentUrl":"https:\/\/apexprecision.ca\/wp-content\/uploads\/2025\/02\/mass-production-thumb.png","width":248,"height":248},{"@type":"BreadcrumbList","@id":"https:\/\/apexprecision.ca\/fr\/fabrication\/mass-production\/#breadcrumb","itemListElement":[{"@type":"ListItem","position":1,"name":"Home","item":"https:\/\/apexprecision.ca\/fr\/"},{"@type":"ListItem","position":2,"name":"Fabrication","item":"https:\/\/apexprecision.ca\/fr\/manufacturing-services\/"},{"@type":"ListItem","position":3,"name":"Production en s\u00e9rie"}]},{"@type":"WebSite","@id":"https:\/\/apexprecision.ca\/fr\/#website","url":"https:\/\/apexprecision.ca\/fr\/","name":"Apex Precision","description":"Your Leader in Precision Component Manufacturing","publisher":{"@id":"https:\/\/apexprecision.ca\/fr\/#organization"},"potentialAction":[{"@type":"SearchAction","target":{"@type":"EntryPoint","urlTemplate":"https:\/\/apexprecision.ca\/fr\/?s={search_term_string}"},"query-input":{"@type":"PropertyValueSpecification","valueRequired":true,"valueName":"search_term_string"}}],"inLanguage":"fr-FR"},{"@type":"Organization","@id":"https:\/\/apexprecision.ca\/fr\/#organization","name":"APEX Precision","url":"https:\/\/apexprecision.ca\/fr\/","logo":{"@type":"ImageObject","inLanguage":"fr-FR","@id":"https:\/\/apexprecision.ca\/fr\/#\/schema\/logo\/image\/","url":"https:\/\/apexprecision.ca\/wp-content\/uploads\/2016\/04\/apex-logo.png","contentUrl":"https:\/\/apexprecision.ca\/wp-content\/uploads\/2016\/04\/apex-logo.png","width":512,"height":512,"caption":"APEX Precision"},"image":{"@id":"https:\/\/apexprecision.ca\/fr\/#\/schema\/logo\/image\/"}}]}},"_links":{"self":[{"href":"https:\/\/apexprecision.ca\/fr\/wp-json\/wp\/v2\/pages\/4820","targetHints":{"allow":["GET"]}}],"collection":[{"href":"https:\/\/apexprecision.ca\/fr\/wp-json\/wp\/v2\/pages"}],"about":[{"href":"https:\/\/apexprecision.ca\/fr\/wp-json\/wp\/v2\/types\/page"}],"author":[{"embeddable":true,"href":"https:\/\/apexprecision.ca\/fr\/wp-json\/wp\/v2\/users\/1"}],"replies":[{"embeddable":true,"href":"https:\/\/apexprecision.ca\/fr\/wp-json\/wp\/v2\/comments?post=4820"}],"version-history":[{"count":3,"href":"https:\/\/apexprecision.ca\/fr\/wp-json\/wp\/v2\/pages\/4820\/revisions"}],"predecessor-version":[{"id":4872,"href":"https:\/\/apexprecision.ca\/fr\/wp-json\/wp\/v2\/pages\/4820\/revisions\/4872"}],"up":[{"embeddable":true,"href":"https:\/\/apexprecision.ca\/fr\/wp-json\/wp\/v2\/pages\/2305"}],"wp:featuredmedia":[{"embeddable":true,"href":"https:\/\/apexprecision.ca\/fr\/wp-json\/wp\/v2\/media\/4818"}],"wp:attachment":[{"href":"https:\/\/apexprecision.ca\/fr\/wp-json\/wp\/v2\/media?parent=4820"}],"curies":[{"name":"wp","href":"https:\/\/api.w.org\/{rel}","templated":true}]}}