{"id":4744,"date":"2025-02-17T14:53:43","date_gmt":"2025-02-17T19:53:43","guid":{"rendered":"https:\/\/apex.acxcomdev.com\/?page_id=4744"},"modified":"2025-02-22T16:11:21","modified_gmt":"2025-02-22T21:11:21","slug":"tube-bending","status":"publish","type":"page","link":"https:\/\/apexprecision.ca\/fr\/fabrication\/tube-bending\/","title":{"rendered":"Cintrage de tubes"},"content":{"rendered":"","protected":false},"excerpt":{"rendered":"","protected":false},"author":1,"featured_media":4739,"parent":2305,"menu_order":0,"comment_status":"closed","ping_status":"closed","template":"page-capability.php","meta":{"_acf_changed":false,"footnotes":""},"class_list":["post-4744","page","type-page","status-publish","has-post-thumbnail","hentry"],"acf":[],"yoast_head":"<!-- This site is optimized with the Yoast SEO plugin v27.4 - https:\/\/yoast.com\/product\/yoast-seo-wordpress\/ -->\n<title>Cintrage de tubes | Apex Precision<\/title>\n<meta name=\"description\" content=\"Nos services avanc\u00e9s de cintrage de tubes permettent d\u2019obtenir divers rayons et configurations, garantissant pr\u00e9cision et uniformit\u00e9 sur l\u2019ensemble des projets. Ce proc\u00e9d\u00e9 est essentiel pour les applications n\u00e9cessitant une courbure pr\u00e9cise et une int\u00e9grit\u00e9 structurelle optimale.\" \/>\n<meta name=\"robots\" content=\"index, follow, max-snippet:-1, max-image-preview:large, max-video-preview:-1\" \/>\n<link rel=\"canonical\" href=\"https:\/\/apexprecision.ca\/fr\/fabrication\/tube-bending\/\" \/>\n<meta property=\"og:locale\" content=\"fr_FR\" \/>\n<meta property=\"og:type\" content=\"article\" \/>\n<meta property=\"og:title\" content=\"Cintrage de tubes | Apex Precision\" \/>\n<meta property=\"og:description\" content=\"Nos services avanc\u00e9s de cintrage de tubes permettent d\u2019obtenir divers rayons et configurations, garantissant pr\u00e9cision et uniformit\u00e9 sur l\u2019ensemble des projets. Ce proc\u00e9d\u00e9 est essentiel pour les applications n\u00e9cessitant une courbure pr\u00e9cise et une int\u00e9grit\u00e9 structurelle optimale.\" \/>\n<meta property=\"og:url\" content=\"https:\/\/apexprecision.ca\/fr\/fabrication\/tube-bending\/\" \/>\n<meta property=\"og:site_name\" content=\"Apex Precision\" \/>\n<meta property=\"article:modified_time\" content=\"2025-02-22T21:11:21+00:00\" \/>\n<meta property=\"og:image\" content=\"https:\/\/apexprecision.ca\/wp-content\/uploads\/2025\/02\/tube-bending-thumb.png\" \/>\n\t<meta property=\"og:image:width\" content=\"248\" \/>\n\t<meta property=\"og:image:height\" content=\"248\" \/>\n\t<meta property=\"og:image:type\" content=\"image\/png\" \/>\n<meta name=\"twitter:card\" content=\"summary_large_image\" \/>\n<script type=\"application\/ld+json\" class=\"yoast-schema-graph\">{\"@context\":\"https:\\\/\\\/schema.org\",\"@graph\":[{\"@type\":\"WebPage\",\"@id\":\"https:\\\/\\\/apexprecision.ca\\\/fr\\\/fabrication\\\/tube-bending\\\/\",\"url\":\"https:\\\/\\\/apexprecision.ca\\\/fr\\\/fabrication\\\/tube-bending\\\/\",\"name\":\"Cintrage de tubes | Apex Precision\",\"isPartOf\":{\"@id\":\"https:\\\/\\\/apexprecision.ca\\\/fr\\\/#website\"},\"primaryImageOfPage\":{\"@id\":\"https:\\\/\\\/apexprecision.ca\\\/fr\\\/fabrication\\\/tube-bending\\\/#primaryimage\"},\"image\":{\"@id\":\"https:\\\/\\\/apexprecision.ca\\\/fr\\\/fabrication\\\/tube-bending\\\/#primaryimage\"},\"thumbnailUrl\":\"https:\\\/\\\/apexprecision.ca\\\/wp-content\\\/uploads\\\/2025\\\/02\\\/tube-bending-thumb.png\",\"datePublished\":\"2025-02-17T19:53:43+00:00\",\"dateModified\":\"2025-02-22T21:11:21+00:00\",\"description\":\"Nos services avanc\u00e9s de cintrage de tubes permettent d\u2019obtenir divers rayons et configurations, garantissant pr\u00e9cision et uniformit\u00e9 sur l\u2019ensemble des projets. Ce proc\u00e9d\u00e9 est essentiel pour les applications n\u00e9cessitant une courbure pr\u00e9cise et une int\u00e9grit\u00e9 structurelle optimale.\",\"breadcrumb\":{\"@id\":\"https:\\\/\\\/apexprecision.ca\\\/fr\\\/fabrication\\\/tube-bending\\\/#breadcrumb\"},\"inLanguage\":\"fr-FR\",\"potentialAction\":[{\"@type\":\"ReadAction\",\"target\":[\"https:\\\/\\\/apexprecision.ca\\\/fr\\\/fabrication\\\/tube-bending\\\/\"]}]},{\"@type\":\"ImageObject\",\"inLanguage\":\"fr-FR\",\"@id\":\"https:\\\/\\\/apexprecision.ca\\\/fr\\\/fabrication\\\/tube-bending\\\/#primaryimage\",\"url\":\"https:\\\/\\\/apexprecision.ca\\\/wp-content\\\/uploads\\\/2025\\\/02\\\/tube-bending-thumb.png\",\"contentUrl\":\"https:\\\/\\\/apexprecision.ca\\\/wp-content\\\/uploads\\\/2025\\\/02\\\/tube-bending-thumb.png\",\"width\":248,\"height\":248},{\"@type\":\"BreadcrumbList\",\"@id\":\"https:\\\/\\\/apexprecision.ca\\\/fr\\\/fabrication\\\/tube-bending\\\/#breadcrumb\",\"itemListElement\":[{\"@type\":\"ListItem\",\"position\":1,\"name\":\"Home\",\"item\":\"https:\\\/\\\/apexprecision.ca\\\/fr\\\/\"},{\"@type\":\"ListItem\",\"position\":2,\"name\":\"Fabrication\",\"item\":\"https:\\\/\\\/apexprecision.ca\\\/fr\\\/manufacturing-services\\\/\"},{\"@type\":\"ListItem\",\"position\":3,\"name\":\"Cintrage de tubes\"}]},{\"@type\":\"WebSite\",\"@id\":\"https:\\\/\\\/apexprecision.ca\\\/fr\\\/#website\",\"url\":\"https:\\\/\\\/apexprecision.ca\\\/fr\\\/\",\"name\":\"Apex Precision\",\"description\":\"Your Leader in Precision Component Manufacturing\",\"publisher\":{\"@id\":\"https:\\\/\\\/apexprecision.ca\\\/fr\\\/#organization\"},\"potentialAction\":[{\"@type\":\"SearchAction\",\"target\":{\"@type\":\"EntryPoint\",\"urlTemplate\":\"https:\\\/\\\/apexprecision.ca\\\/fr\\\/?s={search_term_string}\"},\"query-input\":{\"@type\":\"PropertyValueSpecification\",\"valueRequired\":true,\"valueName\":\"search_term_string\"}}],\"inLanguage\":\"fr-FR\"},{\"@type\":\"Organization\",\"@id\":\"https:\\\/\\\/apexprecision.ca\\\/fr\\\/#organization\",\"name\":\"APEX Precision\",\"url\":\"https:\\\/\\\/apexprecision.ca\\\/fr\\\/\",\"logo\":{\"@type\":\"ImageObject\",\"inLanguage\":\"fr-FR\",\"@id\":\"https:\\\/\\\/apexprecision.ca\\\/fr\\\/#\\\/schema\\\/logo\\\/image\\\/\",\"url\":\"https:\\\/\\\/apexprecision.ca\\\/wp-content\\\/uploads\\\/2016\\\/04\\\/apex-logo.png\",\"contentUrl\":\"https:\\\/\\\/apexprecision.ca\\\/wp-content\\\/uploads\\\/2016\\\/04\\\/apex-logo.png\",\"width\":512,\"height\":512,\"caption\":\"APEX Precision\"},\"image\":{\"@id\":\"https:\\\/\\\/apexprecision.ca\\\/fr\\\/#\\\/schema\\\/logo\\\/image\\\/\"}}]}<\/script>\n<!-- \/ Yoast SEO plugin. -->","yoast_head_json":{"title":"Cintrage de tubes | Apex Precision","description":"Nos services avanc\u00e9s de cintrage de tubes permettent d\u2019obtenir divers rayons et configurations, garantissant pr\u00e9cision et uniformit\u00e9 sur l\u2019ensemble des projets. Ce proc\u00e9d\u00e9 est essentiel pour les applications n\u00e9cessitant une courbure pr\u00e9cise et une int\u00e9grit\u00e9 structurelle optimale.","robots":{"index":"index","follow":"follow","max-snippet":"max-snippet:-1","max-image-preview":"max-image-preview:large","max-video-preview":"max-video-preview:-1"},"canonical":"https:\/\/apexprecision.ca\/fr\/fabrication\/tube-bending\/","og_locale":"fr_FR","og_type":"article","og_title":"Cintrage de tubes | Apex Precision","og_description":"Nos services avanc\u00e9s de cintrage de tubes permettent d\u2019obtenir divers rayons et configurations, garantissant pr\u00e9cision et uniformit\u00e9 sur l\u2019ensemble des projets. Ce proc\u00e9d\u00e9 est essentiel pour les applications n\u00e9cessitant une courbure pr\u00e9cise et une int\u00e9grit\u00e9 structurelle optimale.","og_url":"https:\/\/apexprecision.ca\/fr\/fabrication\/tube-bending\/","og_site_name":"Apex Precision","article_modified_time":"2025-02-22T21:11:21+00:00","og_image":[{"width":248,"height":248,"url":"https:\/\/apexprecision.ca\/wp-content\/uploads\/2025\/02\/tube-bending-thumb.png","type":"image\/png"}],"twitter_card":"summary_large_image","schema":{"@context":"https:\/\/schema.org","@graph":[{"@type":"WebPage","@id":"https:\/\/apexprecision.ca\/fr\/fabrication\/tube-bending\/","url":"https:\/\/apexprecision.ca\/fr\/fabrication\/tube-bending\/","name":"Cintrage de tubes | Apex Precision","isPartOf":{"@id":"https:\/\/apexprecision.ca\/fr\/#website"},"primaryImageOfPage":{"@id":"https:\/\/apexprecision.ca\/fr\/fabrication\/tube-bending\/#primaryimage"},"image":{"@id":"https:\/\/apexprecision.ca\/fr\/fabrication\/tube-bending\/#primaryimage"},"thumbnailUrl":"https:\/\/apexprecision.ca\/wp-content\/uploads\/2025\/02\/tube-bending-thumb.png","datePublished":"2025-02-17T19:53:43+00:00","dateModified":"2025-02-22T21:11:21+00:00","description":"Nos services avanc\u00e9s de cintrage de tubes permettent d\u2019obtenir divers rayons et configurations, garantissant pr\u00e9cision et uniformit\u00e9 sur l\u2019ensemble des projets. Ce proc\u00e9d\u00e9 est essentiel pour les applications n\u00e9cessitant une courbure pr\u00e9cise et une int\u00e9grit\u00e9 structurelle optimale.","breadcrumb":{"@id":"https:\/\/apexprecision.ca\/fr\/fabrication\/tube-bending\/#breadcrumb"},"inLanguage":"fr-FR","potentialAction":[{"@type":"ReadAction","target":["https:\/\/apexprecision.ca\/fr\/fabrication\/tube-bending\/"]}]},{"@type":"ImageObject","inLanguage":"fr-FR","@id":"https:\/\/apexprecision.ca\/fr\/fabrication\/tube-bending\/#primaryimage","url":"https:\/\/apexprecision.ca\/wp-content\/uploads\/2025\/02\/tube-bending-thumb.png","contentUrl":"https:\/\/apexprecision.ca\/wp-content\/uploads\/2025\/02\/tube-bending-thumb.png","width":248,"height":248},{"@type":"BreadcrumbList","@id":"https:\/\/apexprecision.ca\/fr\/fabrication\/tube-bending\/#breadcrumb","itemListElement":[{"@type":"ListItem","position":1,"name":"Home","item":"https:\/\/apexprecision.ca\/fr\/"},{"@type":"ListItem","position":2,"name":"Fabrication","item":"https:\/\/apexprecision.ca\/fr\/manufacturing-services\/"},{"@type":"ListItem","position":3,"name":"Cintrage de tubes"}]},{"@type":"WebSite","@id":"https:\/\/apexprecision.ca\/fr\/#website","url":"https:\/\/apexprecision.ca\/fr\/","name":"Apex Precision","description":"Your Leader in Precision Component Manufacturing","publisher":{"@id":"https:\/\/apexprecision.ca\/fr\/#organization"},"potentialAction":[{"@type":"SearchAction","target":{"@type":"EntryPoint","urlTemplate":"https:\/\/apexprecision.ca\/fr\/?s={search_term_string}"},"query-input":{"@type":"PropertyValueSpecification","valueRequired":true,"valueName":"search_term_string"}}],"inLanguage":"fr-FR"},{"@type":"Organization","@id":"https:\/\/apexprecision.ca\/fr\/#organization","name":"APEX Precision","url":"https:\/\/apexprecision.ca\/fr\/","logo":{"@type":"ImageObject","inLanguage":"fr-FR","@id":"https:\/\/apexprecision.ca\/fr\/#\/schema\/logo\/image\/","url":"https:\/\/apexprecision.ca\/wp-content\/uploads\/2016\/04\/apex-logo.png","contentUrl":"https:\/\/apexprecision.ca\/wp-content\/uploads\/2016\/04\/apex-logo.png","width":512,"height":512,"caption":"APEX Precision"},"image":{"@id":"https:\/\/apexprecision.ca\/fr\/#\/schema\/logo\/image\/"}}]}},"_links":{"self":[{"href":"https:\/\/apexprecision.ca\/fr\/wp-json\/wp\/v2\/pages\/4744","targetHints":{"allow":["GET"]}}],"collection":[{"href":"https:\/\/apexprecision.ca\/fr\/wp-json\/wp\/v2\/pages"}],"about":[{"href":"https:\/\/apexprecision.ca\/fr\/wp-json\/wp\/v2\/types\/page"}],"author":[{"embeddable":true,"href":"https:\/\/apexprecision.ca\/fr\/wp-json\/wp\/v2\/users\/1"}],"replies":[{"embeddable":true,"href":"https:\/\/apexprecision.ca\/fr\/wp-json\/wp\/v2\/comments?post=4744"}],"version-history":[{"count":3,"href":"https:\/\/apexprecision.ca\/fr\/wp-json\/wp\/v2\/pages\/4744\/revisions"}],"predecessor-version":[{"id":4882,"href":"https:\/\/apexprecision.ca\/fr\/wp-json\/wp\/v2\/pages\/4744\/revisions\/4882"}],"up":[{"embeddable":true,"href":"https:\/\/apexprecision.ca\/fr\/wp-json\/wp\/v2\/pages\/2305"}],"wp:featuredmedia":[{"embeddable":true,"href":"https:\/\/apexprecision.ca\/fr\/wp-json\/wp\/v2\/media\/4739"}],"wp:attachment":[{"href":"https:\/\/apexprecision.ca\/fr\/wp-json\/wp\/v2\/media?parent=4744"}],"curies":[{"name":"wp","href":"https:\/\/api.w.org\/{rel}","templated":true}]}}