{"id":4726,"date":"2025-02-17T14:48:23","date_gmt":"2025-02-17T19:48:23","guid":{"rendered":"https:\/\/apex.acxcomdev.com\/?page_id=4726"},"modified":"2025-02-22T16:06:55","modified_gmt":"2025-02-22T21:06:55","slug":"cast-manufacturing","status":"publish","type":"page","link":"https:\/\/apexprecision.ca\/fr\/fabrication\/cast-manufacturing\/","title":{"rendered":"Fabrication par moulage"},"content":{"rendered":"","protected":false},"excerpt":{"rendered":"","protected":false},"author":1,"featured_media":4716,"parent":2305,"menu_order":0,"comment_status":"closed","ping_status":"closed","template":"page-capability.php","meta":{"_acf_changed":false,"footnotes":""},"class_list":["post-4726","page","type-page","status-publish","has-post-thumbnail","hentry"],"acf":[],"yoast_head":"<!-- This site is optimized with the Yoast SEO plugin v27.4 - https:\/\/yoast.com\/product\/yoast-seo-wordpress\/ -->\n<title>Fabrication par moulage | Apex Precision<\/title>\n<meta name=\"description\" content=\"Nous proposons des services de fabrication par moulage, permettant la production de composants m\u00e9talliques complexes avec une int\u00e9grit\u00e9 structurelle sup\u00e9rieure. Cette capacit\u00e9 assure une fabrication efficace de pi\u00e8ces adapt\u00e9es \u00e0 des applications sp\u00e9cifiques.\" \/>\n<meta name=\"robots\" content=\"index, follow, max-snippet:-1, max-image-preview:large, max-video-preview:-1\" \/>\n<link rel=\"canonical\" href=\"https:\/\/apexprecision.ca\/fr\/fabrication\/cast-manufacturing\/\" \/>\n<meta property=\"og:locale\" content=\"fr_FR\" \/>\n<meta property=\"og:type\" content=\"article\" \/>\n<meta property=\"og:title\" content=\"Fabrication par moulage | Apex Precision\" \/>\n<meta property=\"og:description\" content=\"Nous proposons des services de fabrication par moulage, permettant la production de composants m\u00e9talliques complexes avec une int\u00e9grit\u00e9 structurelle sup\u00e9rieure. Cette capacit\u00e9 assure une fabrication efficace de pi\u00e8ces adapt\u00e9es \u00e0 des applications sp\u00e9cifiques.\" \/>\n<meta property=\"og:url\" content=\"https:\/\/apexprecision.ca\/fr\/fabrication\/cast-manufacturing\/\" \/>\n<meta property=\"og:site_name\" content=\"Apex Precision\" \/>\n<meta property=\"article:modified_time\" content=\"2025-02-22T21:06:55+00:00\" \/>\n<meta property=\"og:image\" content=\"https:\/\/apexprecision.ca\/wp-content\/uploads\/2025\/02\/cast-thumb.png\" \/>\n\t<meta property=\"og:image:width\" content=\"248\" \/>\n\t<meta property=\"og:image:height\" content=\"248\" \/>\n\t<meta property=\"og:image:type\" content=\"image\/png\" \/>\n<meta name=\"twitter:card\" content=\"summary_large_image\" \/>\n<meta name=\"twitter:label1\" content=\"Dur\u00e9e de lecture estim\u00e9e\" \/>\n\t<meta name=\"twitter:data1\" content=\"1 minute\" \/>\n<script type=\"application\/ld+json\" class=\"yoast-schema-graph\">{\"@context\":\"https:\\\/\\\/schema.org\",\"@graph\":[{\"@type\":\"WebPage\",\"@id\":\"https:\\\/\\\/apexprecision.ca\\\/fr\\\/fabrication\\\/cast-manufacturing\\\/\",\"url\":\"https:\\\/\\\/apexprecision.ca\\\/fr\\\/fabrication\\\/cast-manufacturing\\\/\",\"name\":\"Fabrication par moulage | Apex Precision\",\"isPartOf\":{\"@id\":\"https:\\\/\\\/apexprecision.ca\\\/fr\\\/#website\"},\"primaryImageOfPage\":{\"@id\":\"https:\\\/\\\/apexprecision.ca\\\/fr\\\/fabrication\\\/cast-manufacturing\\\/#primaryimage\"},\"image\":{\"@id\":\"https:\\\/\\\/apexprecision.ca\\\/fr\\\/fabrication\\\/cast-manufacturing\\\/#primaryimage\"},\"thumbnailUrl\":\"https:\\\/\\\/apexprecision.ca\\\/wp-content\\\/uploads\\\/2025\\\/02\\\/cast-thumb.png\",\"datePublished\":\"2025-02-17T19:48:23+00:00\",\"dateModified\":\"2025-02-22T21:06:55+00:00\",\"description\":\"Nous proposons des services de fabrication par moulage, permettant la production de composants m\u00e9talliques complexes avec une int\u00e9grit\u00e9 structurelle sup\u00e9rieure. Cette capacit\u00e9 assure une fabrication efficace de pi\u00e8ces adapt\u00e9es \u00e0 des applications sp\u00e9cifiques.\",\"breadcrumb\":{\"@id\":\"https:\\\/\\\/apexprecision.ca\\\/fr\\\/fabrication\\\/cast-manufacturing\\\/#breadcrumb\"},\"inLanguage\":\"fr-FR\",\"potentialAction\":[{\"@type\":\"ReadAction\",\"target\":[\"https:\\\/\\\/apexprecision.ca\\\/fr\\\/fabrication\\\/cast-manufacturing\\\/\"]}]},{\"@type\":\"ImageObject\",\"inLanguage\":\"fr-FR\",\"@id\":\"https:\\\/\\\/apexprecision.ca\\\/fr\\\/fabrication\\\/cast-manufacturing\\\/#primaryimage\",\"url\":\"https:\\\/\\\/apexprecision.ca\\\/wp-content\\\/uploads\\\/2025\\\/02\\\/cast-thumb.png\",\"contentUrl\":\"https:\\\/\\\/apexprecision.ca\\\/wp-content\\\/uploads\\\/2025\\\/02\\\/cast-thumb.png\",\"width\":248,\"height\":248},{\"@type\":\"BreadcrumbList\",\"@id\":\"https:\\\/\\\/apexprecision.ca\\\/fr\\\/fabrication\\\/cast-manufacturing\\\/#breadcrumb\",\"itemListElement\":[{\"@type\":\"ListItem\",\"position\":1,\"name\":\"Home\",\"item\":\"https:\\\/\\\/apexprecision.ca\\\/fr\\\/\"},{\"@type\":\"ListItem\",\"position\":2,\"name\":\"Fabrication\",\"item\":\"https:\\\/\\\/apexprecision.ca\\\/fr\\\/manufacturing-services\\\/\"},{\"@type\":\"ListItem\",\"position\":3,\"name\":\"Fabrication par moulage\"}]},{\"@type\":\"WebSite\",\"@id\":\"https:\\\/\\\/apexprecision.ca\\\/fr\\\/#website\",\"url\":\"https:\\\/\\\/apexprecision.ca\\\/fr\\\/\",\"name\":\"Apex Precision\",\"description\":\"Your Leader in Precision Component Manufacturing\",\"publisher\":{\"@id\":\"https:\\\/\\\/apexprecision.ca\\\/fr\\\/#organization\"},\"potentialAction\":[{\"@type\":\"SearchAction\",\"target\":{\"@type\":\"EntryPoint\",\"urlTemplate\":\"https:\\\/\\\/apexprecision.ca\\\/fr\\\/?s={search_term_string}\"},\"query-input\":{\"@type\":\"PropertyValueSpecification\",\"valueRequired\":true,\"valueName\":\"search_term_string\"}}],\"inLanguage\":\"fr-FR\"},{\"@type\":\"Organization\",\"@id\":\"https:\\\/\\\/apexprecision.ca\\\/fr\\\/#organization\",\"name\":\"APEX Precision\",\"url\":\"https:\\\/\\\/apexprecision.ca\\\/fr\\\/\",\"logo\":{\"@type\":\"ImageObject\",\"inLanguage\":\"fr-FR\",\"@id\":\"https:\\\/\\\/apexprecision.ca\\\/fr\\\/#\\\/schema\\\/logo\\\/image\\\/\",\"url\":\"https:\\\/\\\/apexprecision.ca\\\/wp-content\\\/uploads\\\/2016\\\/04\\\/apex-logo.png\",\"contentUrl\":\"https:\\\/\\\/apexprecision.ca\\\/wp-content\\\/uploads\\\/2016\\\/04\\\/apex-logo.png\",\"width\":512,\"height\":512,\"caption\":\"APEX Precision\"},\"image\":{\"@id\":\"https:\\\/\\\/apexprecision.ca\\\/fr\\\/#\\\/schema\\\/logo\\\/image\\\/\"}}]}<\/script>\n<!-- \/ Yoast SEO plugin. -->","yoast_head_json":{"title":"Fabrication par moulage | Apex Precision","description":"Nous proposons des services de fabrication par moulage, permettant la production de composants m\u00e9talliques complexes avec une int\u00e9grit\u00e9 structurelle sup\u00e9rieure. Cette capacit\u00e9 assure une fabrication efficace de pi\u00e8ces adapt\u00e9es \u00e0 des applications sp\u00e9cifiques.","robots":{"index":"index","follow":"follow","max-snippet":"max-snippet:-1","max-image-preview":"max-image-preview:large","max-video-preview":"max-video-preview:-1"},"canonical":"https:\/\/apexprecision.ca\/fr\/fabrication\/cast-manufacturing\/","og_locale":"fr_FR","og_type":"article","og_title":"Fabrication par moulage | Apex Precision","og_description":"Nous proposons des services de fabrication par moulage, permettant la production de composants m\u00e9talliques complexes avec une int\u00e9grit\u00e9 structurelle sup\u00e9rieure. Cette capacit\u00e9 assure une fabrication efficace de pi\u00e8ces adapt\u00e9es \u00e0 des applications sp\u00e9cifiques.","og_url":"https:\/\/apexprecision.ca\/fr\/fabrication\/cast-manufacturing\/","og_site_name":"Apex Precision","article_modified_time":"2025-02-22T21:06:55+00:00","og_image":[{"width":248,"height":248,"url":"https:\/\/apexprecision.ca\/wp-content\/uploads\/2025\/02\/cast-thumb.png","type":"image\/png"}],"twitter_card":"summary_large_image","twitter_misc":{"Dur\u00e9e de lecture estim\u00e9e":"1 minute"},"schema":{"@context":"https:\/\/schema.org","@graph":[{"@type":"WebPage","@id":"https:\/\/apexprecision.ca\/fr\/fabrication\/cast-manufacturing\/","url":"https:\/\/apexprecision.ca\/fr\/fabrication\/cast-manufacturing\/","name":"Fabrication par moulage | Apex Precision","isPartOf":{"@id":"https:\/\/apexprecision.ca\/fr\/#website"},"primaryImageOfPage":{"@id":"https:\/\/apexprecision.ca\/fr\/fabrication\/cast-manufacturing\/#primaryimage"},"image":{"@id":"https:\/\/apexprecision.ca\/fr\/fabrication\/cast-manufacturing\/#primaryimage"},"thumbnailUrl":"https:\/\/apexprecision.ca\/wp-content\/uploads\/2025\/02\/cast-thumb.png","datePublished":"2025-02-17T19:48:23+00:00","dateModified":"2025-02-22T21:06:55+00:00","description":"Nous proposons des services de fabrication par moulage, permettant la production de composants m\u00e9talliques complexes avec une int\u00e9grit\u00e9 structurelle sup\u00e9rieure. Cette capacit\u00e9 assure une fabrication efficace de pi\u00e8ces adapt\u00e9es \u00e0 des applications sp\u00e9cifiques.","breadcrumb":{"@id":"https:\/\/apexprecision.ca\/fr\/fabrication\/cast-manufacturing\/#breadcrumb"},"inLanguage":"fr-FR","potentialAction":[{"@type":"ReadAction","target":["https:\/\/apexprecision.ca\/fr\/fabrication\/cast-manufacturing\/"]}]},{"@type":"ImageObject","inLanguage":"fr-FR","@id":"https:\/\/apexprecision.ca\/fr\/fabrication\/cast-manufacturing\/#primaryimage","url":"https:\/\/apexprecision.ca\/wp-content\/uploads\/2025\/02\/cast-thumb.png","contentUrl":"https:\/\/apexprecision.ca\/wp-content\/uploads\/2025\/02\/cast-thumb.png","width":248,"height":248},{"@type":"BreadcrumbList","@id":"https:\/\/apexprecision.ca\/fr\/fabrication\/cast-manufacturing\/#breadcrumb","itemListElement":[{"@type":"ListItem","position":1,"name":"Home","item":"https:\/\/apexprecision.ca\/fr\/"},{"@type":"ListItem","position":2,"name":"Fabrication","item":"https:\/\/apexprecision.ca\/fr\/manufacturing-services\/"},{"@type":"ListItem","position":3,"name":"Fabrication par moulage"}]},{"@type":"WebSite","@id":"https:\/\/apexprecision.ca\/fr\/#website","url":"https:\/\/apexprecision.ca\/fr\/","name":"Apex Precision","description":"Your Leader in Precision Component Manufacturing","publisher":{"@id":"https:\/\/apexprecision.ca\/fr\/#organization"},"potentialAction":[{"@type":"SearchAction","target":{"@type":"EntryPoint","urlTemplate":"https:\/\/apexprecision.ca\/fr\/?s={search_term_string}"},"query-input":{"@type":"PropertyValueSpecification","valueRequired":true,"valueName":"search_term_string"}}],"inLanguage":"fr-FR"},{"@type":"Organization","@id":"https:\/\/apexprecision.ca\/fr\/#organization","name":"APEX Precision","url":"https:\/\/apexprecision.ca\/fr\/","logo":{"@type":"ImageObject","inLanguage":"fr-FR","@id":"https:\/\/apexprecision.ca\/fr\/#\/schema\/logo\/image\/","url":"https:\/\/apexprecision.ca\/wp-content\/uploads\/2016\/04\/apex-logo.png","contentUrl":"https:\/\/apexprecision.ca\/wp-content\/uploads\/2016\/04\/apex-logo.png","width":512,"height":512,"caption":"APEX Precision"},"image":{"@id":"https:\/\/apexprecision.ca\/fr\/#\/schema\/logo\/image\/"}}]}},"_links":{"self":[{"href":"https:\/\/apexprecision.ca\/fr\/wp-json\/wp\/v2\/pages\/4726","targetHints":{"allow":["GET"]}}],"collection":[{"href":"https:\/\/apexprecision.ca\/fr\/wp-json\/wp\/v2\/pages"}],"about":[{"href":"https:\/\/apexprecision.ca\/fr\/wp-json\/wp\/v2\/types\/page"}],"author":[{"embeddable":true,"href":"https:\/\/apexprecision.ca\/fr\/wp-json\/wp\/v2\/users\/1"}],"replies":[{"embeddable":true,"href":"https:\/\/apexprecision.ca\/fr\/wp-json\/wp\/v2\/comments?post=4726"}],"version-history":[{"count":10,"href":"https:\/\/apexprecision.ca\/fr\/wp-json\/wp\/v2\/pages\/4726\/revisions"}],"predecessor-version":[{"id":5189,"href":"https:\/\/apexprecision.ca\/fr\/wp-json\/wp\/v2\/pages\/4726\/revisions\/5189"}],"up":[{"embeddable":true,"href":"https:\/\/apexprecision.ca\/fr\/wp-json\/wp\/v2\/pages\/2305"}],"wp:featuredmedia":[{"embeddable":true,"href":"https:\/\/apexprecision.ca\/fr\/wp-json\/wp\/v2\/media\/4716"}],"wp:attachment":[{"href":"https:\/\/apexprecision.ca\/fr\/wp-json\/wp\/v2\/media?parent=4726"}],"curies":[{"name":"wp","href":"https:\/\/api.w.org\/{rel}","templated":true}]}}