{"id":4711,"date":"2025-02-17T14:44:40","date_gmt":"2025-02-17T19:44:40","guid":{"rendered":"https:\/\/apex.acxcomdev.com\/?page_id=4711"},"modified":"2025-07-14T11:14:23","modified_gmt":"2025-07-14T15:14:23","slug":"developpement-de-prototypes","status":"publish","type":"page","link":"https:\/\/apexprecision.ca\/fr\/fabrication\/developpement-de-prototypes\/","title":{"rendered":"Fabrication de prototypes"},"content":{"rendered":"<p>Notre \u00e9quipe se sp\u00e9cialise dans le d\u00e9veloppement de prototypes, facilitant la transition du concept aux mod\u00e8les fonctionnels. Ce service aide nos clients \u00e0 valider leurs conceptions et \u00e0 optimiser les processus de fabrication.<\/p>\n","protected":false},"excerpt":{"rendered":"<p>Notre \u00e9quipe se sp\u00e9cialise dans le d\u00e9veloppement de prototypes, facilitant la transition du concept aux mod\u00e8les fonctionnels. Ce service aide nos clients \u00e0 valider leurs conceptions et \u00e0 optimiser les processus de fabrication.<\/p>\n","protected":false},"author":1,"featured_media":4699,"parent":2305,"menu_order":0,"comment_status":"closed","ping_status":"closed","template":"page-capability.php","meta":{"_acf_changed":false,"footnotes":""},"class_list":["post-4711","page","type-page","status-publish","has-post-thumbnail","hentry"],"acf":[],"yoast_head":"<!-- This site is optimized with the Yoast SEO plugin v27.4 - https:\/\/yoast.com\/product\/yoast-seo-wordpress\/ -->\n<title>Fabrication de prototypes | Apex Precision<\/title>\n<meta name=\"description\" content=\"Notre \u00e9quipe se sp\u00e9cialise dans la fabrication de prototypes, facilitant la transition du concept aux mod\u00e8les fonctionnels. Ce service aide nos clients \u00e0 valider leurs conceptions et \u00e0 optimiser les processus de fabrication.\" \/>\n<meta name=\"robots\" content=\"index, follow, max-snippet:-1, max-image-preview:large, max-video-preview:-1\" \/>\n<link rel=\"canonical\" href=\"https:\/\/apexprecision.ca\/fr\/fabrication\/developpement-de-prototypes\/\" \/>\n<meta property=\"og:locale\" content=\"fr_FR\" \/>\n<meta property=\"og:type\" content=\"article\" \/>\n<meta property=\"og:title\" content=\"Fabrication de prototypes | Apex Precision\" \/>\n<meta property=\"og:description\" content=\"Notre \u00e9quipe se sp\u00e9cialise dans la fabrication de prototypes, facilitant la transition du concept aux mod\u00e8les fonctionnels. Ce service aide nos clients \u00e0 valider leurs conceptions et \u00e0 optimiser les processus de fabrication.\" \/>\n<meta property=\"og:url\" content=\"https:\/\/apexprecision.ca\/fr\/fabrication\/developpement-de-prototypes\/\" \/>\n<meta property=\"og:site_name\" content=\"Apex Precision\" \/>\n<meta property=\"article:modified_time\" content=\"2025-07-14T15:14:23+00:00\" \/>\n<meta property=\"og:image\" content=\"https:\/\/apexprecision.ca\/wp-content\/uploads\/2025\/02\/prototypes-thumb.png\" \/>\n\t<meta property=\"og:image:width\" content=\"248\" \/>\n\t<meta property=\"og:image:height\" content=\"248\" \/>\n\t<meta property=\"og:image:type\" content=\"image\/png\" \/>\n<meta name=\"twitter:card\" content=\"summary_large_image\" \/>\n<script type=\"application\/ld+json\" class=\"yoast-schema-graph\">{\"@context\":\"https:\\\/\\\/schema.org\",\"@graph\":[{\"@type\":\"WebPage\",\"@id\":\"https:\\\/\\\/apexprecision.ca\\\/fr\\\/fabrication\\\/developpement-de-prototypes\\\/\",\"url\":\"https:\\\/\\\/apexprecision.ca\\\/fr\\\/fabrication\\\/developpement-de-prototypes\\\/\",\"name\":\"Fabrication de prototypes | Apex Precision\",\"isPartOf\":{\"@id\":\"https:\\\/\\\/apexprecision.ca\\\/fr\\\/#website\"},\"primaryImageOfPage\":{\"@id\":\"https:\\\/\\\/apexprecision.ca\\\/fr\\\/fabrication\\\/developpement-de-prototypes\\\/#primaryimage\"},\"image\":{\"@id\":\"https:\\\/\\\/apexprecision.ca\\\/fr\\\/fabrication\\\/developpement-de-prototypes\\\/#primaryimage\"},\"thumbnailUrl\":\"https:\\\/\\\/apexprecision.ca\\\/wp-content\\\/uploads\\\/2025\\\/02\\\/prototypes-thumb.png\",\"datePublished\":\"2025-02-17T19:44:40+00:00\",\"dateModified\":\"2025-07-14T15:14:23+00:00\",\"description\":\"Notre \u00e9quipe se sp\u00e9cialise dans la fabrication de prototypes, facilitant la transition du concept aux mod\u00e8les fonctionnels. Ce service aide nos clients \u00e0 valider leurs conceptions et \u00e0 optimiser les processus de fabrication.\",\"breadcrumb\":{\"@id\":\"https:\\\/\\\/apexprecision.ca\\\/fr\\\/fabrication\\\/developpement-de-prototypes\\\/#breadcrumb\"},\"inLanguage\":\"fr-FR\",\"potentialAction\":[{\"@type\":\"ReadAction\",\"target\":[\"https:\\\/\\\/apexprecision.ca\\\/fr\\\/fabrication\\\/developpement-de-prototypes\\\/\"]}]},{\"@type\":\"ImageObject\",\"inLanguage\":\"fr-FR\",\"@id\":\"https:\\\/\\\/apexprecision.ca\\\/fr\\\/fabrication\\\/developpement-de-prototypes\\\/#primaryimage\",\"url\":\"https:\\\/\\\/apexprecision.ca\\\/wp-content\\\/uploads\\\/2025\\\/02\\\/prototypes-thumb.png\",\"contentUrl\":\"https:\\\/\\\/apexprecision.ca\\\/wp-content\\\/uploads\\\/2025\\\/02\\\/prototypes-thumb.png\",\"width\":248,\"height\":248},{\"@type\":\"BreadcrumbList\",\"@id\":\"https:\\\/\\\/apexprecision.ca\\\/fr\\\/fabrication\\\/developpement-de-prototypes\\\/#breadcrumb\",\"itemListElement\":[{\"@type\":\"ListItem\",\"position\":1,\"name\":\"Home\",\"item\":\"https:\\\/\\\/apexprecision.ca\\\/fr\\\/\"},{\"@type\":\"ListItem\",\"position\":2,\"name\":\"Fabrication\",\"item\":\"https:\\\/\\\/apexprecision.ca\\\/fr\\\/manufacturing-services\\\/\"},{\"@type\":\"ListItem\",\"position\":3,\"name\":\"Fabrication de prototypes\"}]},{\"@type\":\"WebSite\",\"@id\":\"https:\\\/\\\/apexprecision.ca\\\/fr\\\/#website\",\"url\":\"https:\\\/\\\/apexprecision.ca\\\/fr\\\/\",\"name\":\"Apex Precision\",\"description\":\"Your Leader in Precision Component Manufacturing\",\"publisher\":{\"@id\":\"https:\\\/\\\/apexprecision.ca\\\/fr\\\/#organization\"},\"potentialAction\":[{\"@type\":\"SearchAction\",\"target\":{\"@type\":\"EntryPoint\",\"urlTemplate\":\"https:\\\/\\\/apexprecision.ca\\\/fr\\\/?s={search_term_string}\"},\"query-input\":{\"@type\":\"PropertyValueSpecification\",\"valueRequired\":true,\"valueName\":\"search_term_string\"}}],\"inLanguage\":\"fr-FR\"},{\"@type\":\"Organization\",\"@id\":\"https:\\\/\\\/apexprecision.ca\\\/fr\\\/#organization\",\"name\":\"APEX Precision\",\"url\":\"https:\\\/\\\/apexprecision.ca\\\/fr\\\/\",\"logo\":{\"@type\":\"ImageObject\",\"inLanguage\":\"fr-FR\",\"@id\":\"https:\\\/\\\/apexprecision.ca\\\/fr\\\/#\\\/schema\\\/logo\\\/image\\\/\",\"url\":\"https:\\\/\\\/apexprecision.ca\\\/wp-content\\\/uploads\\\/2016\\\/04\\\/apex-logo.png\",\"contentUrl\":\"https:\\\/\\\/apexprecision.ca\\\/wp-content\\\/uploads\\\/2016\\\/04\\\/apex-logo.png\",\"width\":512,\"height\":512,\"caption\":\"APEX Precision\"},\"image\":{\"@id\":\"https:\\\/\\\/apexprecision.ca\\\/fr\\\/#\\\/schema\\\/logo\\\/image\\\/\"}}]}<\/script>\n<!-- \/ Yoast SEO plugin. -->","yoast_head_json":{"title":"Fabrication de prototypes | Apex Precision","description":"Notre \u00e9quipe se sp\u00e9cialise dans la fabrication de prototypes, facilitant la transition du concept aux mod\u00e8les fonctionnels. Ce service aide nos clients \u00e0 valider leurs conceptions et \u00e0 optimiser les processus de fabrication.","robots":{"index":"index","follow":"follow","max-snippet":"max-snippet:-1","max-image-preview":"max-image-preview:large","max-video-preview":"max-video-preview:-1"},"canonical":"https:\/\/apexprecision.ca\/fr\/fabrication\/developpement-de-prototypes\/","og_locale":"fr_FR","og_type":"article","og_title":"Fabrication de prototypes | Apex Precision","og_description":"Notre \u00e9quipe se sp\u00e9cialise dans la fabrication de prototypes, facilitant la transition du concept aux mod\u00e8les fonctionnels. Ce service aide nos clients \u00e0 valider leurs conceptions et \u00e0 optimiser les processus de fabrication.","og_url":"https:\/\/apexprecision.ca\/fr\/fabrication\/developpement-de-prototypes\/","og_site_name":"Apex Precision","article_modified_time":"2025-07-14T15:14:23+00:00","og_image":[{"width":248,"height":248,"url":"https:\/\/apexprecision.ca\/wp-content\/uploads\/2025\/02\/prototypes-thumb.png","type":"image\/png"}],"twitter_card":"summary_large_image","schema":{"@context":"https:\/\/schema.org","@graph":[{"@type":"WebPage","@id":"https:\/\/apexprecision.ca\/fr\/fabrication\/developpement-de-prototypes\/","url":"https:\/\/apexprecision.ca\/fr\/fabrication\/developpement-de-prototypes\/","name":"Fabrication de prototypes | Apex Precision","isPartOf":{"@id":"https:\/\/apexprecision.ca\/fr\/#website"},"primaryImageOfPage":{"@id":"https:\/\/apexprecision.ca\/fr\/fabrication\/developpement-de-prototypes\/#primaryimage"},"image":{"@id":"https:\/\/apexprecision.ca\/fr\/fabrication\/developpement-de-prototypes\/#primaryimage"},"thumbnailUrl":"https:\/\/apexprecision.ca\/wp-content\/uploads\/2025\/02\/prototypes-thumb.png","datePublished":"2025-02-17T19:44:40+00:00","dateModified":"2025-07-14T15:14:23+00:00","description":"Notre \u00e9quipe se sp\u00e9cialise dans la fabrication de prototypes, facilitant la transition du concept aux mod\u00e8les fonctionnels. Ce service aide nos clients \u00e0 valider leurs conceptions et \u00e0 optimiser les processus de fabrication.","breadcrumb":{"@id":"https:\/\/apexprecision.ca\/fr\/fabrication\/developpement-de-prototypes\/#breadcrumb"},"inLanguage":"fr-FR","potentialAction":[{"@type":"ReadAction","target":["https:\/\/apexprecision.ca\/fr\/fabrication\/developpement-de-prototypes\/"]}]},{"@type":"ImageObject","inLanguage":"fr-FR","@id":"https:\/\/apexprecision.ca\/fr\/fabrication\/developpement-de-prototypes\/#primaryimage","url":"https:\/\/apexprecision.ca\/wp-content\/uploads\/2025\/02\/prototypes-thumb.png","contentUrl":"https:\/\/apexprecision.ca\/wp-content\/uploads\/2025\/02\/prototypes-thumb.png","width":248,"height":248},{"@type":"BreadcrumbList","@id":"https:\/\/apexprecision.ca\/fr\/fabrication\/developpement-de-prototypes\/#breadcrumb","itemListElement":[{"@type":"ListItem","position":1,"name":"Home","item":"https:\/\/apexprecision.ca\/fr\/"},{"@type":"ListItem","position":2,"name":"Fabrication","item":"https:\/\/apexprecision.ca\/fr\/manufacturing-services\/"},{"@type":"ListItem","position":3,"name":"Fabrication de prototypes"}]},{"@type":"WebSite","@id":"https:\/\/apexprecision.ca\/fr\/#website","url":"https:\/\/apexprecision.ca\/fr\/","name":"Apex Precision","description":"Your Leader in Precision Component Manufacturing","publisher":{"@id":"https:\/\/apexprecision.ca\/fr\/#organization"},"potentialAction":[{"@type":"SearchAction","target":{"@type":"EntryPoint","urlTemplate":"https:\/\/apexprecision.ca\/fr\/?s={search_term_string}"},"query-input":{"@type":"PropertyValueSpecification","valueRequired":true,"valueName":"search_term_string"}}],"inLanguage":"fr-FR"},{"@type":"Organization","@id":"https:\/\/apexprecision.ca\/fr\/#organization","name":"APEX Precision","url":"https:\/\/apexprecision.ca\/fr\/","logo":{"@type":"ImageObject","inLanguage":"fr-FR","@id":"https:\/\/apexprecision.ca\/fr\/#\/schema\/logo\/image\/","url":"https:\/\/apexprecision.ca\/wp-content\/uploads\/2016\/04\/apex-logo.png","contentUrl":"https:\/\/apexprecision.ca\/wp-content\/uploads\/2016\/04\/apex-logo.png","width":512,"height":512,"caption":"APEX Precision"},"image":{"@id":"https:\/\/apexprecision.ca\/fr\/#\/schema\/logo\/image\/"}}]}},"_links":{"self":[{"href":"https:\/\/apexprecision.ca\/fr\/wp-json\/wp\/v2\/pages\/4711","targetHints":{"allow":["GET"]}}],"collection":[{"href":"https:\/\/apexprecision.ca\/fr\/wp-json\/wp\/v2\/pages"}],"about":[{"href":"https:\/\/apexprecision.ca\/fr\/wp-json\/wp\/v2\/types\/page"}],"author":[{"embeddable":true,"href":"https:\/\/apexprecision.ca\/fr\/wp-json\/wp\/v2\/users\/1"}],"replies":[{"embeddable":true,"href":"https:\/\/apexprecision.ca\/fr\/wp-json\/wp\/v2\/comments?post=4711"}],"version-history":[{"count":3,"href":"https:\/\/apexprecision.ca\/fr\/wp-json\/wp\/v2\/pages\/4711\/revisions"}],"predecessor-version":[{"id":5372,"href":"https:\/\/apexprecision.ca\/fr\/wp-json\/wp\/v2\/pages\/4711\/revisions\/5372"}],"up":[{"embeddable":true,"href":"https:\/\/apexprecision.ca\/fr\/wp-json\/wp\/v2\/pages\/2305"}],"wp:featuredmedia":[{"embeddable":true,"href":"https:\/\/apexprecision.ca\/fr\/wp-json\/wp\/v2\/media\/4699"}],"wp:attachment":[{"href":"https:\/\/apexprecision.ca\/fr\/wp-json\/wp\/v2\/media?parent=4711"}],"curies":[{"name":"wp","href":"https:\/\/api.w.org\/{rel}","templated":true}]}}