{"id":4689,"date":"2025-02-13T16:59:26","date_gmt":"2025-02-13T21:59:26","guid":{"rendered":"https:\/\/apex.acxcomdev.com\/fabrication\/gear-manufacturing\/"},"modified":"2025-02-22T15:54:40","modified_gmt":"2025-02-22T20:54:40","slug":"gear-manufacturing","status":"publish","type":"page","link":"https:\/\/apexprecision.ca\/fr\/fabrication\/gear-manufacturing\/","title":{"rendered":"Fabrication d\u2019engrenages"},"content":{"rendered":"","protected":false},"excerpt":{"rendered":"","protected":false},"author":1,"featured_media":4848,"parent":2305,"menu_order":0,"comment_status":"closed","ping_status":"closed","template":"page-capability.php","meta":{"_acf_changed":false,"footnotes":""},"class_list":["post-4689","page","type-page","status-publish","has-post-thumbnail","hentry"],"acf":[],"yoast_head":"<!-- This site is optimized with the Yoast SEO plugin v27.4 - https:\/\/yoast.com\/product\/yoast-seo-wordpress\/ -->\n<title>Fabrication d\u2019engrenages | Apex Precision<\/title>\n<meta name=\"description\" content=\"Nous offrons d\u00e9sormais des services de fabrication d\u2019engrenages de pr\u00e9cision, capables de produire des engrenages jusqu&#039;\u00e0 50 pouces de diam\u00e8tre. Cette expansion renforce notre capacit\u00e9 \u00e0 r\u00e9pondre aux divers besoins de transmission m\u00e9canique avec une grande pr\u00e9cision.\" \/>\n<meta name=\"robots\" content=\"index, follow, max-snippet:-1, max-image-preview:large, max-video-preview:-1\" \/>\n<link rel=\"canonical\" href=\"https:\/\/apexprecision.ca\/fr\/fabrication\/gear-manufacturing\/\" \/>\n<meta property=\"og:locale\" content=\"fr_FR\" \/>\n<meta property=\"og:type\" content=\"article\" \/>\n<meta property=\"og:title\" content=\"Fabrication d\u2019engrenages | Apex Precision\" \/>\n<meta property=\"og:description\" content=\"Nous offrons d\u00e9sormais des services de fabrication d\u2019engrenages de pr\u00e9cision, capables de produire des engrenages jusqu&#039;\u00e0 50 pouces de diam\u00e8tre. Cette expansion renforce notre capacit\u00e9 \u00e0 r\u00e9pondre aux divers besoins de transmission m\u00e9canique avec une grande pr\u00e9cision.\" \/>\n<meta property=\"og:url\" content=\"https:\/\/apexprecision.ca\/fr\/fabrication\/gear-manufacturing\/\" \/>\n<meta property=\"og:site_name\" content=\"Apex Precision\" \/>\n<meta property=\"article:modified_time\" content=\"2025-02-22T20:54:40+00:00\" \/>\n<meta property=\"og:image\" content=\"https:\/\/apexprecision.ca\/wp-content\/uploads\/2025\/02\/gears-thumb.png\" \/>\n\t<meta property=\"og:image:width\" content=\"248\" \/>\n\t<meta property=\"og:image:height\" content=\"248\" \/>\n\t<meta property=\"og:image:type\" content=\"image\/png\" \/>\n<meta name=\"twitter:card\" content=\"summary_large_image\" \/>\n<script type=\"application\/ld+json\" class=\"yoast-schema-graph\">{\"@context\":\"https:\\\/\\\/schema.org\",\"@graph\":[{\"@type\":\"WebPage\",\"@id\":\"https:\\\/\\\/apexprecision.ca\\\/fr\\\/fabrication\\\/gear-manufacturing\\\/\",\"url\":\"https:\\\/\\\/apexprecision.ca\\\/fr\\\/fabrication\\\/gear-manufacturing\\\/\",\"name\":\"Fabrication d\u2019engrenages | Apex Precision\",\"isPartOf\":{\"@id\":\"https:\\\/\\\/apexprecision.ca\\\/fr\\\/#website\"},\"primaryImageOfPage\":{\"@id\":\"https:\\\/\\\/apexprecision.ca\\\/fr\\\/fabrication\\\/gear-manufacturing\\\/#primaryimage\"},\"image\":{\"@id\":\"https:\\\/\\\/apexprecision.ca\\\/fr\\\/fabrication\\\/gear-manufacturing\\\/#primaryimage\"},\"thumbnailUrl\":\"https:\\\/\\\/apexprecision.ca\\\/wp-content\\\/uploads\\\/2025\\\/02\\\/gears-thumb.png\",\"datePublished\":\"2025-02-13T21:59:26+00:00\",\"dateModified\":\"2025-02-22T20:54:40+00:00\",\"description\":\"Nous offrons d\u00e9sormais des services de fabrication d\u2019engrenages de pr\u00e9cision, capables de produire des engrenages jusqu'\u00e0 50 pouces de diam\u00e8tre. Cette expansion renforce notre capacit\u00e9 \u00e0 r\u00e9pondre aux divers besoins de transmission m\u00e9canique avec une grande pr\u00e9cision.\",\"breadcrumb\":{\"@id\":\"https:\\\/\\\/apexprecision.ca\\\/fr\\\/fabrication\\\/gear-manufacturing\\\/#breadcrumb\"},\"inLanguage\":\"fr-FR\",\"potentialAction\":[{\"@type\":\"ReadAction\",\"target\":[\"https:\\\/\\\/apexprecision.ca\\\/fr\\\/fabrication\\\/gear-manufacturing\\\/\"]}]},{\"@type\":\"ImageObject\",\"inLanguage\":\"fr-FR\",\"@id\":\"https:\\\/\\\/apexprecision.ca\\\/fr\\\/fabrication\\\/gear-manufacturing\\\/#primaryimage\",\"url\":\"https:\\\/\\\/apexprecision.ca\\\/wp-content\\\/uploads\\\/2025\\\/02\\\/gears-thumb.png\",\"contentUrl\":\"https:\\\/\\\/apexprecision.ca\\\/wp-content\\\/uploads\\\/2025\\\/02\\\/gears-thumb.png\",\"width\":248,\"height\":248},{\"@type\":\"BreadcrumbList\",\"@id\":\"https:\\\/\\\/apexprecision.ca\\\/fr\\\/fabrication\\\/gear-manufacturing\\\/#breadcrumb\",\"itemListElement\":[{\"@type\":\"ListItem\",\"position\":1,\"name\":\"Home\",\"item\":\"https:\\\/\\\/apexprecision.ca\\\/fr\\\/\"},{\"@type\":\"ListItem\",\"position\":2,\"name\":\"Fabrication\",\"item\":\"https:\\\/\\\/apexprecision.ca\\\/fr\\\/manufacturing-services\\\/\"},{\"@type\":\"ListItem\",\"position\":3,\"name\":\"Fabrication d\u2019engrenages\"}]},{\"@type\":\"WebSite\",\"@id\":\"https:\\\/\\\/apexprecision.ca\\\/fr\\\/#website\",\"url\":\"https:\\\/\\\/apexprecision.ca\\\/fr\\\/\",\"name\":\"Apex Precision\",\"description\":\"Your Leader in Precision Component Manufacturing\",\"publisher\":{\"@id\":\"https:\\\/\\\/apexprecision.ca\\\/fr\\\/#organization\"},\"potentialAction\":[{\"@type\":\"SearchAction\",\"target\":{\"@type\":\"EntryPoint\",\"urlTemplate\":\"https:\\\/\\\/apexprecision.ca\\\/fr\\\/?s={search_term_string}\"},\"query-input\":{\"@type\":\"PropertyValueSpecification\",\"valueRequired\":true,\"valueName\":\"search_term_string\"}}],\"inLanguage\":\"fr-FR\"},{\"@type\":\"Organization\",\"@id\":\"https:\\\/\\\/apexprecision.ca\\\/fr\\\/#organization\",\"name\":\"APEX Precision\",\"url\":\"https:\\\/\\\/apexprecision.ca\\\/fr\\\/\",\"logo\":{\"@type\":\"ImageObject\",\"inLanguage\":\"fr-FR\",\"@id\":\"https:\\\/\\\/apexprecision.ca\\\/fr\\\/#\\\/schema\\\/logo\\\/image\\\/\",\"url\":\"https:\\\/\\\/apexprecision.ca\\\/wp-content\\\/uploads\\\/2016\\\/04\\\/apex-logo.png\",\"contentUrl\":\"https:\\\/\\\/apexprecision.ca\\\/wp-content\\\/uploads\\\/2016\\\/04\\\/apex-logo.png\",\"width\":512,\"height\":512,\"caption\":\"APEX Precision\"},\"image\":{\"@id\":\"https:\\\/\\\/apexprecision.ca\\\/fr\\\/#\\\/schema\\\/logo\\\/image\\\/\"}}]}<\/script>\n<!-- \/ Yoast SEO plugin. -->","yoast_head_json":{"title":"Fabrication d\u2019engrenages | Apex Precision","description":"Nous offrons d\u00e9sormais des services de fabrication d\u2019engrenages de pr\u00e9cision, capables de produire des engrenages jusqu'\u00e0 50 pouces de diam\u00e8tre. Cette expansion renforce notre capacit\u00e9 \u00e0 r\u00e9pondre aux divers besoins de transmission m\u00e9canique avec une grande pr\u00e9cision.","robots":{"index":"index","follow":"follow","max-snippet":"max-snippet:-1","max-image-preview":"max-image-preview:large","max-video-preview":"max-video-preview:-1"},"canonical":"https:\/\/apexprecision.ca\/fr\/fabrication\/gear-manufacturing\/","og_locale":"fr_FR","og_type":"article","og_title":"Fabrication d\u2019engrenages | Apex Precision","og_description":"Nous offrons d\u00e9sormais des services de fabrication d\u2019engrenages de pr\u00e9cision, capables de produire des engrenages jusqu'\u00e0 50 pouces de diam\u00e8tre. Cette expansion renforce notre capacit\u00e9 \u00e0 r\u00e9pondre aux divers besoins de transmission m\u00e9canique avec une grande pr\u00e9cision.","og_url":"https:\/\/apexprecision.ca\/fr\/fabrication\/gear-manufacturing\/","og_site_name":"Apex Precision","article_modified_time":"2025-02-22T20:54:40+00:00","og_image":[{"width":248,"height":248,"url":"https:\/\/apexprecision.ca\/wp-content\/uploads\/2025\/02\/gears-thumb.png","type":"image\/png"}],"twitter_card":"summary_large_image","schema":{"@context":"https:\/\/schema.org","@graph":[{"@type":"WebPage","@id":"https:\/\/apexprecision.ca\/fr\/fabrication\/gear-manufacturing\/","url":"https:\/\/apexprecision.ca\/fr\/fabrication\/gear-manufacturing\/","name":"Fabrication d\u2019engrenages | Apex Precision","isPartOf":{"@id":"https:\/\/apexprecision.ca\/fr\/#website"},"primaryImageOfPage":{"@id":"https:\/\/apexprecision.ca\/fr\/fabrication\/gear-manufacturing\/#primaryimage"},"image":{"@id":"https:\/\/apexprecision.ca\/fr\/fabrication\/gear-manufacturing\/#primaryimage"},"thumbnailUrl":"https:\/\/apexprecision.ca\/wp-content\/uploads\/2025\/02\/gears-thumb.png","datePublished":"2025-02-13T21:59:26+00:00","dateModified":"2025-02-22T20:54:40+00:00","description":"Nous offrons d\u00e9sormais des services de fabrication d\u2019engrenages de pr\u00e9cision, capables de produire des engrenages jusqu'\u00e0 50 pouces de diam\u00e8tre. Cette expansion renforce notre capacit\u00e9 \u00e0 r\u00e9pondre aux divers besoins de transmission m\u00e9canique avec une grande pr\u00e9cision.","breadcrumb":{"@id":"https:\/\/apexprecision.ca\/fr\/fabrication\/gear-manufacturing\/#breadcrumb"},"inLanguage":"fr-FR","potentialAction":[{"@type":"ReadAction","target":["https:\/\/apexprecision.ca\/fr\/fabrication\/gear-manufacturing\/"]}]},{"@type":"ImageObject","inLanguage":"fr-FR","@id":"https:\/\/apexprecision.ca\/fr\/fabrication\/gear-manufacturing\/#primaryimage","url":"https:\/\/apexprecision.ca\/wp-content\/uploads\/2025\/02\/gears-thumb.png","contentUrl":"https:\/\/apexprecision.ca\/wp-content\/uploads\/2025\/02\/gears-thumb.png","width":248,"height":248},{"@type":"BreadcrumbList","@id":"https:\/\/apexprecision.ca\/fr\/fabrication\/gear-manufacturing\/#breadcrumb","itemListElement":[{"@type":"ListItem","position":1,"name":"Home","item":"https:\/\/apexprecision.ca\/fr\/"},{"@type":"ListItem","position":2,"name":"Fabrication","item":"https:\/\/apexprecision.ca\/fr\/manufacturing-services\/"},{"@type":"ListItem","position":3,"name":"Fabrication d\u2019engrenages"}]},{"@type":"WebSite","@id":"https:\/\/apexprecision.ca\/fr\/#website","url":"https:\/\/apexprecision.ca\/fr\/","name":"Apex Precision","description":"Your Leader in Precision Component Manufacturing","publisher":{"@id":"https:\/\/apexprecision.ca\/fr\/#organization"},"potentialAction":[{"@type":"SearchAction","target":{"@type":"EntryPoint","urlTemplate":"https:\/\/apexprecision.ca\/fr\/?s={search_term_string}"},"query-input":{"@type":"PropertyValueSpecification","valueRequired":true,"valueName":"search_term_string"}}],"inLanguage":"fr-FR"},{"@type":"Organization","@id":"https:\/\/apexprecision.ca\/fr\/#organization","name":"APEX Precision","url":"https:\/\/apexprecision.ca\/fr\/","logo":{"@type":"ImageObject","inLanguage":"fr-FR","@id":"https:\/\/apexprecision.ca\/fr\/#\/schema\/logo\/image\/","url":"https:\/\/apexprecision.ca\/wp-content\/uploads\/2016\/04\/apex-logo.png","contentUrl":"https:\/\/apexprecision.ca\/wp-content\/uploads\/2016\/04\/apex-logo.png","width":512,"height":512,"caption":"APEX Precision"},"image":{"@id":"https:\/\/apexprecision.ca\/fr\/#\/schema\/logo\/image\/"}}]}},"_links":{"self":[{"href":"https:\/\/apexprecision.ca\/fr\/wp-json\/wp\/v2\/pages\/4689","targetHints":{"allow":["GET"]}}],"collection":[{"href":"https:\/\/apexprecision.ca\/fr\/wp-json\/wp\/v2\/pages"}],"about":[{"href":"https:\/\/apexprecision.ca\/fr\/wp-json\/wp\/v2\/types\/page"}],"author":[{"embeddable":true,"href":"https:\/\/apexprecision.ca\/fr\/wp-json\/wp\/v2\/users\/1"}],"replies":[{"embeddable":true,"href":"https:\/\/apexprecision.ca\/fr\/wp-json\/wp\/v2\/comments?post=4689"}],"version-history":[{"count":2,"href":"https:\/\/apexprecision.ca\/fr\/wp-json\/wp\/v2\/pages\/4689\/revisions"}],"predecessor-version":[{"id":4879,"href":"https:\/\/apexprecision.ca\/fr\/wp-json\/wp\/v2\/pages\/4689\/revisions\/4879"}],"up":[{"embeddable":true,"href":"https:\/\/apexprecision.ca\/fr\/wp-json\/wp\/v2\/pages\/2305"}],"wp:featuredmedia":[{"embeddable":true,"href":"https:\/\/apexprecision.ca\/fr\/wp-json\/wp\/v2\/media\/4848"}],"wp:attachment":[{"href":"https:\/\/apexprecision.ca\/fr\/wp-json\/wp\/v2\/media?parent=4689"}],"curies":[{"name":"wp","href":"https:\/\/api.w.org\/{rel}","templated":true}]}}