{"id":1850,"date":"2016-03-10T16:42:01","date_gmt":"2016-03-10T16:42:01","guid":{"rendered":"https:\/\/apex-sporco.c9users.io\/fr\/etudes-de-cas-apex\/case-study-medtronic-2\/"},"modified":"2024-08-09T18:17:19","modified_gmt":"2024-08-09T18:17:19","slug":"etude-de-cas-2-medtronic","status":"publish","type":"page","link":"https:\/\/apexprecision.ca\/fr\/etudes-de-cas\/etude-de-cas-2-medtronic\/","title":{"rendered":"\u00c9tude de cas 2 Medtronic"},"content":{"rendered":"","protected":false},"excerpt":{"rendered":"","protected":false},"author":1,"featured_media":0,"parent":1582,"menu_order":0,"comment_status":"closed","ping_status":"closed","template":"page-case-study-zodiac.php","meta":{"_acf_changed":false,"footnotes":""},"class_list":["post-1850","page","type-page","status-publish","hentry"],"acf":[],"yoast_head":"<!-- This site is optimized with the Yoast SEO plugin v27.4 - https:\/\/yoast.com\/product\/yoast-seo-wordpress\/ -->\n<title>\u00c9tude de cas 2 Medtronic | Apex Precision<\/title>\n<meta name=\"description\" content=\"Cette \u00e9tude de cas 2 Medtronic d\u00e9montre comment Apex \u00e0 fabriqu\u00e9 des coupe-tubes performants et durable pour les dispositifs m\u00e9dicaux.\" \/>\n<meta name=\"robots\" content=\"index, follow, max-snippet:-1, max-image-preview:large, max-video-preview:-1\" \/>\n<link rel=\"canonical\" href=\"https:\/\/apexprecision.ca\/fr\/etudes-de-cas\/etude-de-cas-2-medtronic\/\" \/>\n<meta property=\"og:locale\" content=\"fr_FR\" \/>\n<meta property=\"og:type\" content=\"article\" \/>\n<meta property=\"og:title\" content=\"\u00c9tude de cas 2 Medtronic | Apex Precision\" \/>\n<meta property=\"og:description\" content=\"Cette \u00e9tude de cas 2 Medtronic d\u00e9montre comment Apex \u00e0 fabriqu\u00e9 des coupe-tubes performants et durable pour les dispositifs m\u00e9dicaux.\" \/>\n<meta property=\"og:url\" content=\"https:\/\/apexprecision.ca\/fr\/etudes-de-cas\/etude-de-cas-2-medtronic\/\" \/>\n<meta property=\"og:site_name\" content=\"Apex Precision\" \/>\n<meta property=\"article:modified_time\" content=\"2024-08-09T18:17:19+00:00\" \/>\n<meta name=\"twitter:card\" content=\"summary_large_image\" \/>\n<script type=\"application\/ld+json\" class=\"yoast-schema-graph\">{\"@context\":\"https:\\\/\\\/schema.org\",\"@graph\":[{\"@type\":\"WebPage\",\"@id\":\"https:\\\/\\\/apexprecision.ca\\\/fr\\\/etudes-de-cas\\\/etude-de-cas-2-medtronic\\\/\",\"url\":\"https:\\\/\\\/apexprecision.ca\\\/fr\\\/etudes-de-cas\\\/etude-de-cas-2-medtronic\\\/\",\"name\":\"\u00c9tude de cas 2 Medtronic | Apex Precision\",\"isPartOf\":{\"@id\":\"https:\\\/\\\/apexprecision.ca\\\/fr\\\/#website\"},\"datePublished\":\"2016-03-10T16:42:01+00:00\",\"dateModified\":\"2024-08-09T18:17:19+00:00\",\"description\":\"Cette \u00e9tude de cas 2 Medtronic d\u00e9montre comment Apex \u00e0 fabriqu\u00e9 des coupe-tubes performants et durable pour les dispositifs m\u00e9dicaux.\",\"breadcrumb\":{\"@id\":\"https:\\\/\\\/apexprecision.ca\\\/fr\\\/etudes-de-cas\\\/etude-de-cas-2-medtronic\\\/#breadcrumb\"},\"inLanguage\":\"fr-FR\",\"potentialAction\":[{\"@type\":\"ReadAction\",\"target\":[\"https:\\\/\\\/apexprecision.ca\\\/fr\\\/etudes-de-cas\\\/etude-de-cas-2-medtronic\\\/\"]}]},{\"@type\":\"BreadcrumbList\",\"@id\":\"https:\\\/\\\/apexprecision.ca\\\/fr\\\/etudes-de-cas\\\/etude-de-cas-2-medtronic\\\/#breadcrumb\",\"itemListElement\":[{\"@type\":\"ListItem\",\"position\":1,\"name\":\"Home\",\"item\":\"https:\\\/\\\/apexprecision.ca\\\/fr\\\/\"},{\"@type\":\"ListItem\",\"position\":2,\"name\":\"\u00c9tudes de cas\",\"item\":\"https:\\\/\\\/apexprecision.ca\\\/fr\\\/case-studies\\\/\"},{\"@type\":\"ListItem\",\"position\":3,\"name\":\"\u00c9tude de cas 2 Medtronic\"}]},{\"@type\":\"WebSite\",\"@id\":\"https:\\\/\\\/apexprecision.ca\\\/fr\\\/#website\",\"url\":\"https:\\\/\\\/apexprecision.ca\\\/fr\\\/\",\"name\":\"Apex Precision\",\"description\":\"Your Leader in Precision Component Manufacturing\",\"publisher\":{\"@id\":\"https:\\\/\\\/apexprecision.ca\\\/fr\\\/#organization\"},\"potentialAction\":[{\"@type\":\"SearchAction\",\"target\":{\"@type\":\"EntryPoint\",\"urlTemplate\":\"https:\\\/\\\/apexprecision.ca\\\/fr\\\/?s={search_term_string}\"},\"query-input\":{\"@type\":\"PropertyValueSpecification\",\"valueRequired\":true,\"valueName\":\"search_term_string\"}}],\"inLanguage\":\"fr-FR\"},{\"@type\":\"Organization\",\"@id\":\"https:\\\/\\\/apexprecision.ca\\\/fr\\\/#organization\",\"name\":\"APEX Precision\",\"url\":\"https:\\\/\\\/apexprecision.ca\\\/fr\\\/\",\"logo\":{\"@type\":\"ImageObject\",\"inLanguage\":\"fr-FR\",\"@id\":\"https:\\\/\\\/apexprecision.ca\\\/fr\\\/#\\\/schema\\\/logo\\\/image\\\/\",\"url\":\"https:\\\/\\\/apexprecision.ca\\\/wp-content\\\/uploads\\\/2016\\\/04\\\/apex-logo.png\",\"contentUrl\":\"https:\\\/\\\/apexprecision.ca\\\/wp-content\\\/uploads\\\/2016\\\/04\\\/apex-logo.png\",\"width\":512,\"height\":512,\"caption\":\"APEX Precision\"},\"image\":{\"@id\":\"https:\\\/\\\/apexprecision.ca\\\/fr\\\/#\\\/schema\\\/logo\\\/image\\\/\"}}]}<\/script>\n<!-- \/ Yoast SEO plugin. -->","yoast_head_json":{"title":"\u00c9tude de cas 2 Medtronic | Apex Precision","description":"Cette \u00e9tude de cas 2 Medtronic d\u00e9montre comment Apex \u00e0 fabriqu\u00e9 des coupe-tubes performants et durable pour les dispositifs m\u00e9dicaux.","robots":{"index":"index","follow":"follow","max-snippet":"max-snippet:-1","max-image-preview":"max-image-preview:large","max-video-preview":"max-video-preview:-1"},"canonical":"https:\/\/apexprecision.ca\/fr\/etudes-de-cas\/etude-de-cas-2-medtronic\/","og_locale":"fr_FR","og_type":"article","og_title":"\u00c9tude de cas 2 Medtronic | Apex Precision","og_description":"Cette \u00e9tude de cas 2 Medtronic d\u00e9montre comment Apex \u00e0 fabriqu\u00e9 des coupe-tubes performants et durable pour les dispositifs m\u00e9dicaux.","og_url":"https:\/\/apexprecision.ca\/fr\/etudes-de-cas\/etude-de-cas-2-medtronic\/","og_site_name":"Apex Precision","article_modified_time":"2024-08-09T18:17:19+00:00","twitter_card":"summary_large_image","schema":{"@context":"https:\/\/schema.org","@graph":[{"@type":"WebPage","@id":"https:\/\/apexprecision.ca\/fr\/etudes-de-cas\/etude-de-cas-2-medtronic\/","url":"https:\/\/apexprecision.ca\/fr\/etudes-de-cas\/etude-de-cas-2-medtronic\/","name":"\u00c9tude de cas 2 Medtronic | Apex Precision","isPartOf":{"@id":"https:\/\/apexprecision.ca\/fr\/#website"},"datePublished":"2016-03-10T16:42:01+00:00","dateModified":"2024-08-09T18:17:19+00:00","description":"Cette \u00e9tude de cas 2 Medtronic d\u00e9montre comment Apex \u00e0 fabriqu\u00e9 des coupe-tubes performants et durable pour les dispositifs m\u00e9dicaux.","breadcrumb":{"@id":"https:\/\/apexprecision.ca\/fr\/etudes-de-cas\/etude-de-cas-2-medtronic\/#breadcrumb"},"inLanguage":"fr-FR","potentialAction":[{"@type":"ReadAction","target":["https:\/\/apexprecision.ca\/fr\/etudes-de-cas\/etude-de-cas-2-medtronic\/"]}]},{"@type":"BreadcrumbList","@id":"https:\/\/apexprecision.ca\/fr\/etudes-de-cas\/etude-de-cas-2-medtronic\/#breadcrumb","itemListElement":[{"@type":"ListItem","position":1,"name":"Home","item":"https:\/\/apexprecision.ca\/fr\/"},{"@type":"ListItem","position":2,"name":"\u00c9tudes de cas","item":"https:\/\/apexprecision.ca\/fr\/case-studies\/"},{"@type":"ListItem","position":3,"name":"\u00c9tude de cas 2 Medtronic"}]},{"@type":"WebSite","@id":"https:\/\/apexprecision.ca\/fr\/#website","url":"https:\/\/apexprecision.ca\/fr\/","name":"Apex Precision","description":"Your Leader in Precision Component Manufacturing","publisher":{"@id":"https:\/\/apexprecision.ca\/fr\/#organization"},"potentialAction":[{"@type":"SearchAction","target":{"@type":"EntryPoint","urlTemplate":"https:\/\/apexprecision.ca\/fr\/?s={search_term_string}"},"query-input":{"@type":"PropertyValueSpecification","valueRequired":true,"valueName":"search_term_string"}}],"inLanguage":"fr-FR"},{"@type":"Organization","@id":"https:\/\/apexprecision.ca\/fr\/#organization","name":"APEX Precision","url":"https:\/\/apexprecision.ca\/fr\/","logo":{"@type":"ImageObject","inLanguage":"fr-FR","@id":"https:\/\/apexprecision.ca\/fr\/#\/schema\/logo\/image\/","url":"https:\/\/apexprecision.ca\/wp-content\/uploads\/2016\/04\/apex-logo.png","contentUrl":"https:\/\/apexprecision.ca\/wp-content\/uploads\/2016\/04\/apex-logo.png","width":512,"height":512,"caption":"APEX Precision"},"image":{"@id":"https:\/\/apexprecision.ca\/fr\/#\/schema\/logo\/image\/"}}]}},"_links":{"self":[{"href":"https:\/\/apexprecision.ca\/fr\/wp-json\/wp\/v2\/pages\/1850","targetHints":{"allow":["GET"]}}],"collection":[{"href":"https:\/\/apexprecision.ca\/fr\/wp-json\/wp\/v2\/pages"}],"about":[{"href":"https:\/\/apexprecision.ca\/fr\/wp-json\/wp\/v2\/types\/page"}],"author":[{"embeddable":true,"href":"https:\/\/apexprecision.ca\/fr\/wp-json\/wp\/v2\/users\/1"}],"replies":[{"embeddable":true,"href":"https:\/\/apexprecision.ca\/fr\/wp-json\/wp\/v2\/comments?post=1850"}],"version-history":[{"count":10,"href":"https:\/\/apexprecision.ca\/fr\/wp-json\/wp\/v2\/pages\/1850\/revisions"}],"predecessor-version":[{"id":4372,"href":"https:\/\/apexprecision.ca\/fr\/wp-json\/wp\/v2\/pages\/1850\/revisions\/4372"}],"up":[{"embeddable":true,"href":"https:\/\/apexprecision.ca\/fr\/wp-json\/wp\/v2\/pages\/1582"}],"wp:attachment":[{"href":"https:\/\/apexprecision.ca\/fr\/wp-json\/wp\/v2\/media?parent=1850"}],"curies":[{"name":"wp","href":"https:\/\/api.w.org\/{rel}","templated":true}]}}