{"id":1734,"date":"2016-03-03T19:49:26","date_gmt":"2016-03-03T19:49:26","guid":{"rendered":"https:\/\/apex-sporco.c9users.io\/fr\/manufacturing\/plastic-machining-2\/"},"modified":"2024-08-09T17:57:30","modified_gmt":"2024-08-09T17:57:30","slug":"usinage-plastique","status":"publish","type":"page","link":"https:\/\/apexprecision.ca\/fr\/fabrication\/usinage-plastique\/","title":{"rendered":"Usinage plastique"},"content":{"rendered":"","protected":false},"excerpt":{"rendered":"","protected":false},"author":1,"featured_media":0,"parent":2305,"menu_order":0,"comment_status":"closed","ping_status":"closed","template":"page-capability.php","meta":{"_acf_changed":false,"footnotes":""},"class_list":["post-1734","page","type-page","status-publish","hentry"],"acf":[],"yoast_head":"<!-- This site is optimized with the Yoast SEO plugin v27.3 - https:\/\/yoast.com\/product\/yoast-seo-wordpress\/ -->\n<title>Usinage plastique | Apex Precision<\/title>\n<meta name=\"description\" content=\"Services d&#039;usinage plastique d&#039;Apex Precision. Fabrication experte de composants en plastique durables et pr\u00e9cis adapt\u00e9s \u00e0 vos sp\u00e9cifications.\" \/>\n<meta name=\"robots\" content=\"index, follow, max-snippet:-1, max-image-preview:large, max-video-preview:-1\" \/>\n<link rel=\"canonical\" href=\"https:\/\/apexprecision.ca\/fr\/fabrication\/usinage-plastique\/\" \/>\n<meta property=\"og:locale\" content=\"fr_FR\" \/>\n<meta property=\"og:type\" content=\"article\" \/>\n<meta property=\"og:title\" content=\"Usinage plastique | Apex Precision\" \/>\n<meta property=\"og:description\" content=\"Services d&#039;usinage plastique d&#039;Apex Precision. Fabrication experte de composants en plastique durables et pr\u00e9cis adapt\u00e9s \u00e0 vos sp\u00e9cifications.\" \/>\n<meta property=\"og:url\" content=\"https:\/\/apexprecision.ca\/fr\/fabrication\/usinage-plastique\/\" \/>\n<meta property=\"og:site_name\" content=\"Apex Precision\" \/>\n<meta property=\"article:modified_time\" content=\"2024-08-09T17:57:30+00:00\" \/>\n<meta name=\"twitter:card\" content=\"summary_large_image\" \/>\n<script type=\"application\/ld+json\" class=\"yoast-schema-graph\">{\"@context\":\"https:\\\/\\\/schema.org\",\"@graph\":[{\"@type\":\"WebPage\",\"@id\":\"https:\\\/\\\/apexprecision.ca\\\/fr\\\/fabrication\\\/usinage-plastique\\\/\",\"url\":\"https:\\\/\\\/apexprecision.ca\\\/fr\\\/fabrication\\\/usinage-plastique\\\/\",\"name\":\"Usinage plastique | Apex Precision\",\"isPartOf\":{\"@id\":\"https:\\\/\\\/apexprecision.ca\\\/fr\\\/#website\"},\"datePublished\":\"2016-03-03T19:49:26+00:00\",\"dateModified\":\"2024-08-09T17:57:30+00:00\",\"description\":\"Services d'usinage plastique d'Apex Precision. Fabrication experte de composants en plastique durables et pr\u00e9cis adapt\u00e9s \u00e0 vos sp\u00e9cifications.\",\"breadcrumb\":{\"@id\":\"https:\\\/\\\/apexprecision.ca\\\/fr\\\/fabrication\\\/usinage-plastique\\\/#breadcrumb\"},\"inLanguage\":\"fr-FR\",\"potentialAction\":[{\"@type\":\"ReadAction\",\"target\":[\"https:\\\/\\\/apexprecision.ca\\\/fr\\\/fabrication\\\/usinage-plastique\\\/\"]}]},{\"@type\":\"BreadcrumbList\",\"@id\":\"https:\\\/\\\/apexprecision.ca\\\/fr\\\/fabrication\\\/usinage-plastique\\\/#breadcrumb\",\"itemListElement\":[{\"@type\":\"ListItem\",\"position\":1,\"name\":\"Home\",\"item\":\"https:\\\/\\\/apexprecision.ca\\\/fr\\\/\"},{\"@type\":\"ListItem\",\"position\":2,\"name\":\"Fabrication\",\"item\":\"https:\\\/\\\/apexprecision.ca\\\/fr\\\/manufacturing-services\\\/\"},{\"@type\":\"ListItem\",\"position\":3,\"name\":\"Usinage plastique\"}]},{\"@type\":\"WebSite\",\"@id\":\"https:\\\/\\\/apexprecision.ca\\\/fr\\\/#website\",\"url\":\"https:\\\/\\\/apexprecision.ca\\\/fr\\\/\",\"name\":\"Apex Precision\",\"description\":\"Your Leader in Precision Component Manufacturing\",\"publisher\":{\"@id\":\"https:\\\/\\\/apexprecision.ca\\\/fr\\\/#organization\"},\"potentialAction\":[{\"@type\":\"SearchAction\",\"target\":{\"@type\":\"EntryPoint\",\"urlTemplate\":\"https:\\\/\\\/apexprecision.ca\\\/fr\\\/?s={search_term_string}\"},\"query-input\":{\"@type\":\"PropertyValueSpecification\",\"valueRequired\":true,\"valueName\":\"search_term_string\"}}],\"inLanguage\":\"fr-FR\"},{\"@type\":\"Organization\",\"@id\":\"https:\\\/\\\/apexprecision.ca\\\/fr\\\/#organization\",\"name\":\"APEX Precision\",\"url\":\"https:\\\/\\\/apexprecision.ca\\\/fr\\\/\",\"logo\":{\"@type\":\"ImageObject\",\"inLanguage\":\"fr-FR\",\"@id\":\"https:\\\/\\\/apexprecision.ca\\\/fr\\\/#\\\/schema\\\/logo\\\/image\\\/\",\"url\":\"https:\\\/\\\/apexprecision.ca\\\/wp-content\\\/uploads\\\/2016\\\/04\\\/apex-logo.png\",\"contentUrl\":\"https:\\\/\\\/apexprecision.ca\\\/wp-content\\\/uploads\\\/2016\\\/04\\\/apex-logo.png\",\"width\":512,\"height\":512,\"caption\":\"APEX Precision\"},\"image\":{\"@id\":\"https:\\\/\\\/apexprecision.ca\\\/fr\\\/#\\\/schema\\\/logo\\\/image\\\/\"}}]}<\/script>\n<!-- \/ Yoast SEO plugin. -->","yoast_head_json":{"title":"Usinage plastique | Apex Precision","description":"Services d'usinage plastique d'Apex Precision. Fabrication experte de composants en plastique durables et pr\u00e9cis adapt\u00e9s \u00e0 vos sp\u00e9cifications.","robots":{"index":"index","follow":"follow","max-snippet":"max-snippet:-1","max-image-preview":"max-image-preview:large","max-video-preview":"max-video-preview:-1"},"canonical":"https:\/\/apexprecision.ca\/fr\/fabrication\/usinage-plastique\/","og_locale":"fr_FR","og_type":"article","og_title":"Usinage plastique | Apex Precision","og_description":"Services d'usinage plastique d'Apex Precision. Fabrication experte de composants en plastique durables et pr\u00e9cis adapt\u00e9s \u00e0 vos sp\u00e9cifications.","og_url":"https:\/\/apexprecision.ca\/fr\/fabrication\/usinage-plastique\/","og_site_name":"Apex Precision","article_modified_time":"2024-08-09T17:57:30+00:00","twitter_card":"summary_large_image","schema":{"@context":"https:\/\/schema.org","@graph":[{"@type":"WebPage","@id":"https:\/\/apexprecision.ca\/fr\/fabrication\/usinage-plastique\/","url":"https:\/\/apexprecision.ca\/fr\/fabrication\/usinage-plastique\/","name":"Usinage plastique | Apex Precision","isPartOf":{"@id":"https:\/\/apexprecision.ca\/fr\/#website"},"datePublished":"2016-03-03T19:49:26+00:00","dateModified":"2024-08-09T17:57:30+00:00","description":"Services d'usinage plastique d'Apex Precision. Fabrication experte de composants en plastique durables et pr\u00e9cis adapt\u00e9s \u00e0 vos sp\u00e9cifications.","breadcrumb":{"@id":"https:\/\/apexprecision.ca\/fr\/fabrication\/usinage-plastique\/#breadcrumb"},"inLanguage":"fr-FR","potentialAction":[{"@type":"ReadAction","target":["https:\/\/apexprecision.ca\/fr\/fabrication\/usinage-plastique\/"]}]},{"@type":"BreadcrumbList","@id":"https:\/\/apexprecision.ca\/fr\/fabrication\/usinage-plastique\/#breadcrumb","itemListElement":[{"@type":"ListItem","position":1,"name":"Home","item":"https:\/\/apexprecision.ca\/fr\/"},{"@type":"ListItem","position":2,"name":"Fabrication","item":"https:\/\/apexprecision.ca\/fr\/manufacturing-services\/"},{"@type":"ListItem","position":3,"name":"Usinage plastique"}]},{"@type":"WebSite","@id":"https:\/\/apexprecision.ca\/fr\/#website","url":"https:\/\/apexprecision.ca\/fr\/","name":"Apex Precision","description":"Your Leader in Precision Component Manufacturing","publisher":{"@id":"https:\/\/apexprecision.ca\/fr\/#organization"},"potentialAction":[{"@type":"SearchAction","target":{"@type":"EntryPoint","urlTemplate":"https:\/\/apexprecision.ca\/fr\/?s={search_term_string}"},"query-input":{"@type":"PropertyValueSpecification","valueRequired":true,"valueName":"search_term_string"}}],"inLanguage":"fr-FR"},{"@type":"Organization","@id":"https:\/\/apexprecision.ca\/fr\/#organization","name":"APEX Precision","url":"https:\/\/apexprecision.ca\/fr\/","logo":{"@type":"ImageObject","inLanguage":"fr-FR","@id":"https:\/\/apexprecision.ca\/fr\/#\/schema\/logo\/image\/","url":"https:\/\/apexprecision.ca\/wp-content\/uploads\/2016\/04\/apex-logo.png","contentUrl":"https:\/\/apexprecision.ca\/wp-content\/uploads\/2016\/04\/apex-logo.png","width":512,"height":512,"caption":"APEX Precision"},"image":{"@id":"https:\/\/apexprecision.ca\/fr\/#\/schema\/logo\/image\/"}}]}},"_links":{"self":[{"href":"https:\/\/apexprecision.ca\/fr\/wp-json\/wp\/v2\/pages\/1734","targetHints":{"allow":["GET"]}}],"collection":[{"href":"https:\/\/apexprecision.ca\/fr\/wp-json\/wp\/v2\/pages"}],"about":[{"href":"https:\/\/apexprecision.ca\/fr\/wp-json\/wp\/v2\/types\/page"}],"author":[{"embeddable":true,"href":"https:\/\/apexprecision.ca\/fr\/wp-json\/wp\/v2\/users\/1"}],"replies":[{"embeddable":true,"href":"https:\/\/apexprecision.ca\/fr\/wp-json\/wp\/v2\/comments?post=1734"}],"version-history":[{"count":7,"href":"https:\/\/apexprecision.ca\/fr\/wp-json\/wp\/v2\/pages\/1734\/revisions"}],"predecessor-version":[{"id":3073,"href":"https:\/\/apexprecision.ca\/fr\/wp-json\/wp\/v2\/pages\/1734\/revisions\/3073"}],"up":[{"embeddable":true,"href":"https:\/\/apexprecision.ca\/fr\/wp-json\/wp\/v2\/pages\/2305"}],"wp:attachment":[{"href":"https:\/\/apexprecision.ca\/fr\/wp-json\/wp\/v2\/media?parent=1734"}],"curies":[{"name":"wp","href":"https:\/\/api.w.org\/{rel}","templated":true}]}}