{"id":1626,"date":"2016-02-26T19:22:34","date_gmt":"2016-02-26T19:22:34","guid":{"rendered":"https:\/\/apex-sporco.c9users.io\/fr\/why-choose-apex\/"},"modified":"2025-07-14T13:55:26","modified_gmt":"2025-07-14T17:55:26","slug":"pourquoi-choisir-apex","status":"publish","type":"page","link":"https:\/\/apexprecision.ca\/fr\/pourquoi-choisir-apex\/","title":{"rendered":"Pourquoi choisir Apex ?"},"content":{"rendered":"","protected":false},"excerpt":{"rendered":"","protected":false},"author":1,"featured_media":0,"parent":0,"menu_order":0,"comment_status":"closed","ping_status":"closed","template":"page-why-choose-apex.php","meta":{"_acf_changed":false,"footnotes":""},"class_list":["post-1626","page","type-page","status-publish","hentry"],"acf":[],"yoast_head":"<!-- This site is optimized with the Yoast SEO plugin v27.4 - https:\/\/yoast.com\/product\/yoast-seo-wordpress\/ -->\n<title>Pourquoi choisir Apex ? | Apex Precision<\/title>\n<meta name=\"description\" content=\"Pourquoi choisir Apex pour vos besoins manufacturiers ? Nous garantissons une qualit\u00e9 sup\u00e9rieure, une fiabilit\u00e9 et des solutions innovantes.\" \/>\n<meta name=\"robots\" content=\"index, follow, max-snippet:-1, max-image-preview:large, max-video-preview:-1\" \/>\n<link rel=\"canonical\" href=\"https:\/\/apexprecision.ca\/fr\/pourquoi-choisir-apex\/\" \/>\n<meta property=\"og:locale\" content=\"fr_FR\" \/>\n<meta property=\"og:type\" content=\"article\" \/>\n<meta property=\"og:title\" content=\"Pourquoi choisir Apex ? | Apex Precision\" \/>\n<meta property=\"og:description\" content=\"Pourquoi choisir Apex pour vos besoins manufacturiers ? Nous garantissons une qualit\u00e9 sup\u00e9rieure, une fiabilit\u00e9 et des solutions innovantes.\" \/>\n<meta property=\"og:url\" content=\"https:\/\/apexprecision.ca\/fr\/pourquoi-choisir-apex\/\" \/>\n<meta property=\"og:site_name\" content=\"Apex Precision\" \/>\n<meta property=\"article:modified_time\" content=\"2025-07-14T17:55:26+00:00\" \/>\n<meta name=\"twitter:card\" content=\"summary_large_image\" \/>\n<script type=\"application\/ld+json\" class=\"yoast-schema-graph\">{\"@context\":\"https:\\\/\\\/schema.org\",\"@graph\":[{\"@type\":\"WebPage\",\"@id\":\"https:\\\/\\\/apexprecision.ca\\\/fr\\\/pourquoi-choisir-apex\\\/\",\"url\":\"https:\\\/\\\/apexprecision.ca\\\/fr\\\/pourquoi-choisir-apex\\\/\",\"name\":\"Pourquoi choisir Apex ? | Apex Precision\",\"isPartOf\":{\"@id\":\"https:\\\/\\\/apexprecision.ca\\\/fr\\\/#website\"},\"datePublished\":\"2016-02-26T19:22:34+00:00\",\"dateModified\":\"2025-07-14T17:55:26+00:00\",\"description\":\"Pourquoi choisir Apex pour vos besoins manufacturiers ? Nous garantissons une qualit\u00e9 sup\u00e9rieure, une fiabilit\u00e9 et des solutions innovantes.\",\"breadcrumb\":{\"@id\":\"https:\\\/\\\/apexprecision.ca\\\/fr\\\/pourquoi-choisir-apex\\\/#breadcrumb\"},\"inLanguage\":\"fr-FR\",\"potentialAction\":[{\"@type\":\"ReadAction\",\"target\":[\"https:\\\/\\\/apexprecision.ca\\\/fr\\\/pourquoi-choisir-apex\\\/\"]}]},{\"@type\":\"BreadcrumbList\",\"@id\":\"https:\\\/\\\/apexprecision.ca\\\/fr\\\/pourquoi-choisir-apex\\\/#breadcrumb\",\"itemListElement\":[{\"@type\":\"ListItem\",\"position\":1,\"name\":\"Home\",\"item\":\"https:\\\/\\\/apexprecision.ca\\\/fr\\\/\"},{\"@type\":\"ListItem\",\"position\":2,\"name\":\"Pourquoi choisir Apex ?\"}]},{\"@type\":\"WebSite\",\"@id\":\"https:\\\/\\\/apexprecision.ca\\\/fr\\\/#website\",\"url\":\"https:\\\/\\\/apexprecision.ca\\\/fr\\\/\",\"name\":\"Apex Precision\",\"description\":\"Your Leader in Precision Component Manufacturing\",\"publisher\":{\"@id\":\"https:\\\/\\\/apexprecision.ca\\\/fr\\\/#organization\"},\"potentialAction\":[{\"@type\":\"SearchAction\",\"target\":{\"@type\":\"EntryPoint\",\"urlTemplate\":\"https:\\\/\\\/apexprecision.ca\\\/fr\\\/?s={search_term_string}\"},\"query-input\":{\"@type\":\"PropertyValueSpecification\",\"valueRequired\":true,\"valueName\":\"search_term_string\"}}],\"inLanguage\":\"fr-FR\"},{\"@type\":\"Organization\",\"@id\":\"https:\\\/\\\/apexprecision.ca\\\/fr\\\/#organization\",\"name\":\"APEX Precision\",\"url\":\"https:\\\/\\\/apexprecision.ca\\\/fr\\\/\",\"logo\":{\"@type\":\"ImageObject\",\"inLanguage\":\"fr-FR\",\"@id\":\"https:\\\/\\\/apexprecision.ca\\\/fr\\\/#\\\/schema\\\/logo\\\/image\\\/\",\"url\":\"https:\\\/\\\/apexprecision.ca\\\/wp-content\\\/uploads\\\/2016\\\/04\\\/apex-logo.png\",\"contentUrl\":\"https:\\\/\\\/apexprecision.ca\\\/wp-content\\\/uploads\\\/2016\\\/04\\\/apex-logo.png\",\"width\":512,\"height\":512,\"caption\":\"APEX Precision\"},\"image\":{\"@id\":\"https:\\\/\\\/apexprecision.ca\\\/fr\\\/#\\\/schema\\\/logo\\\/image\\\/\"}}]}<\/script>\n<!-- \/ Yoast SEO plugin. -->","yoast_head_json":{"title":"Pourquoi choisir Apex ? | Apex Precision","description":"Pourquoi choisir Apex pour vos besoins manufacturiers ? Nous garantissons une qualit\u00e9 sup\u00e9rieure, une fiabilit\u00e9 et des solutions innovantes.","robots":{"index":"index","follow":"follow","max-snippet":"max-snippet:-1","max-image-preview":"max-image-preview:large","max-video-preview":"max-video-preview:-1"},"canonical":"https:\/\/apexprecision.ca\/fr\/pourquoi-choisir-apex\/","og_locale":"fr_FR","og_type":"article","og_title":"Pourquoi choisir Apex ? | Apex Precision","og_description":"Pourquoi choisir Apex pour vos besoins manufacturiers ? Nous garantissons une qualit\u00e9 sup\u00e9rieure, une fiabilit\u00e9 et des solutions innovantes.","og_url":"https:\/\/apexprecision.ca\/fr\/pourquoi-choisir-apex\/","og_site_name":"Apex Precision","article_modified_time":"2025-07-14T17:55:26+00:00","twitter_card":"summary_large_image","schema":{"@context":"https:\/\/schema.org","@graph":[{"@type":"WebPage","@id":"https:\/\/apexprecision.ca\/fr\/pourquoi-choisir-apex\/","url":"https:\/\/apexprecision.ca\/fr\/pourquoi-choisir-apex\/","name":"Pourquoi choisir Apex ? | Apex Precision","isPartOf":{"@id":"https:\/\/apexprecision.ca\/fr\/#website"},"datePublished":"2016-02-26T19:22:34+00:00","dateModified":"2025-07-14T17:55:26+00:00","description":"Pourquoi choisir Apex pour vos besoins manufacturiers ? Nous garantissons une qualit\u00e9 sup\u00e9rieure, une fiabilit\u00e9 et des solutions innovantes.","breadcrumb":{"@id":"https:\/\/apexprecision.ca\/fr\/pourquoi-choisir-apex\/#breadcrumb"},"inLanguage":"fr-FR","potentialAction":[{"@type":"ReadAction","target":["https:\/\/apexprecision.ca\/fr\/pourquoi-choisir-apex\/"]}]},{"@type":"BreadcrumbList","@id":"https:\/\/apexprecision.ca\/fr\/pourquoi-choisir-apex\/#breadcrumb","itemListElement":[{"@type":"ListItem","position":1,"name":"Home","item":"https:\/\/apexprecision.ca\/fr\/"},{"@type":"ListItem","position":2,"name":"Pourquoi choisir Apex ?"}]},{"@type":"WebSite","@id":"https:\/\/apexprecision.ca\/fr\/#website","url":"https:\/\/apexprecision.ca\/fr\/","name":"Apex Precision","description":"Your Leader in Precision Component Manufacturing","publisher":{"@id":"https:\/\/apexprecision.ca\/fr\/#organization"},"potentialAction":[{"@type":"SearchAction","target":{"@type":"EntryPoint","urlTemplate":"https:\/\/apexprecision.ca\/fr\/?s={search_term_string}"},"query-input":{"@type":"PropertyValueSpecification","valueRequired":true,"valueName":"search_term_string"}}],"inLanguage":"fr-FR"},{"@type":"Organization","@id":"https:\/\/apexprecision.ca\/fr\/#organization","name":"APEX Precision","url":"https:\/\/apexprecision.ca\/fr\/","logo":{"@type":"ImageObject","inLanguage":"fr-FR","@id":"https:\/\/apexprecision.ca\/fr\/#\/schema\/logo\/image\/","url":"https:\/\/apexprecision.ca\/wp-content\/uploads\/2016\/04\/apex-logo.png","contentUrl":"https:\/\/apexprecision.ca\/wp-content\/uploads\/2016\/04\/apex-logo.png","width":512,"height":512,"caption":"APEX Precision"},"image":{"@id":"https:\/\/apexprecision.ca\/fr\/#\/schema\/logo\/image\/"}}]}},"_links":{"self":[{"href":"https:\/\/apexprecision.ca\/fr\/wp-json\/wp\/v2\/pages\/1626","targetHints":{"allow":["GET"]}}],"collection":[{"href":"https:\/\/apexprecision.ca\/fr\/wp-json\/wp\/v2\/pages"}],"about":[{"href":"https:\/\/apexprecision.ca\/fr\/wp-json\/wp\/v2\/types\/page"}],"author":[{"embeddable":true,"href":"https:\/\/apexprecision.ca\/fr\/wp-json\/wp\/v2\/users\/1"}],"replies":[{"embeddable":true,"href":"https:\/\/apexprecision.ca\/fr\/wp-json\/wp\/v2\/comments?post=1626"}],"version-history":[{"count":10,"href":"https:\/\/apexprecision.ca\/fr\/wp-json\/wp\/v2\/pages\/1626\/revisions"}],"predecessor-version":[{"id":4304,"href":"https:\/\/apexprecision.ca\/fr\/wp-json\/wp\/v2\/pages\/1626\/revisions\/4304"}],"wp:attachment":[{"href":"https:\/\/apexprecision.ca\/fr\/wp-json\/wp\/v2\/media?parent=1626"}],"curies":[{"name":"wp","href":"https:\/\/api.w.org\/{rel}","templated":true}]}}